{"id":1767,"date":"2020-04-08T11:35:00","date_gmt":"2020-04-08T11:35:00","guid":{"rendered":"https:\/\/jbt.issi-site.com\/inicio\/"},"modified":"2025-05-23T19:21:08","modified_gmt":"2025-05-23T19:21:08","slug":"inicio","status":"publish","type":"page","link":"https:\/\/jointbenefittrust.com\/es\/","title":{"rendered":"Inicio"},"content":{"rendered":"<p>[et_pb_section fb_built=\u00bb1&#8243; admin_label=\u00bbSearch and Login Button Section\u00bb _builder_version=\u00bb4.25.1&#8243; _module_preset=\u00bbdefault\u00bb custom_margin=\u00bb0px||0px||false|false\u00bb custom_padding=\u00bb0px||0px||false|false\u00bb global_colors_info=\u00bb{}\u00bb][et_pb_row column_structure=\u00bb2_5,3_5&#8243; _builder_version=\u00bb4.25.1&#8243; _module_preset=\u00bbdefault\u00bb custom_margin=\u00bb5px||5px||false|false\u00bb custom_padding=\u00bb5px||5px||false|false\u00bb global_colors_info=\u00bb{}\u00bb][et_pb_column type=\u00bb2_5&#8243; _builder_version=\u00bb4.21.0&#8243; _module_preset=\u00bbdefault\u00bb global_colors_info=\u00bb{}\u00bb][et_pb_icon font_icon=\u00bb&#xf002;||fa||900&#8243; icon_color=\u00bb#000000&#8243; icon_width=\u00bb18px\u00bb align=\u00bbleft\u00bb _builder_version=\u00bb4.25.1&#8243; _module_preset=\u00bbdefault\u00bb custom_margin=\u00bb||0px||false|false\u00bb custom_css_main_element=\u00bb display: inline-block;|| float: left;|| padding-right: 10px;|| padding-top: 4px;\u00bb global_colors_info=\u00bb{}\u00bb][\/et_pb_icon][et_pb_search show_button=\u00bboff\u00bb placeholder=\u00bbbusca&#8230;\u00bb _builder_version=\u00bb4.21.0&#8243; _module_preset=\u00bbdefault\u00bb form_field_background_color=\u00bbRGBA(255,255,255,0)\u00bb background_color=\u00bb#f9f9f9&#8243; module_alignment=\u00bbleft\u00bb border_width_all=\u00bb0px\u00bb border_color_all=\u00bbrgba(0,0,0,0.17)\u00bb global_colors_info=\u00bb{}\u00bb][\/et_pb_search][\/et_pb_column][et_pb_column type=\u00bb3_5&#8243; _builder_version=\u00bb4.21.0&#8243; _module_preset=\u00bbdefault\u00bb global_colors_info=\u00bb{}\u00bb][et_pb_button button_url=\u00bbhttps:\/\/ecommerce.issisystems.com\/isite-test314\/eremit.dll\/31403\/loginm.asp\u00bb url_new_window=\u00bbon\u00bb button_text=\u00bbPortal de miembros\u00bb button_alignment=\u00bbright\u00bb _builder_version=\u00bb4.27.0&#8243; _module_preset=\u00bbdefault\u00bb custom_button=\u00bbon\u00bb button_text_size=\u00bb14px\u00bb button_bg_color=\u00bb#0caa93&#8243; button_border_radius=\u00bb20px\u00bb button_font=\u00bb|||on|||||\u00bb global_colors_info=\u00bb{}\u00bb][\/et_pb_button][\/et_pb_column][\/et_pb_row][\/et_pb_section][et_pb_section fb_built=\u00bb1&#8243; fullwidth=\u00bbon\u00bb _builder_version=\u00bb4.21.0&#8243; _module_preset=\u00bbdefault\u00bb background_color=\u00bb#FFFFFF\u00bb width=\u00bb100%\u00bb max_width=\u00bb100%\u00bb global_colors_info=\u00bb{}\u00bb][et_pb_fullwidth_slider show_arrows=\u00bboff\u00bb show_pagination=\u00bboff\u00bb _builder_version=\u00bb4.27.4&#8243; _module_preset=\u00bbdefault\u00bb header_level=\u00bbh3&#8243; header_font=\u00bbPlayfair Display|600|||||||\u00bb header_font_size=\u00bb36px\u00bb header_line_height=\u00bb1.4em\u00bb body_font_size=\u00bb16px\u00bb background_color=\u00bb#FFFFFF\u00bb custom_button=\u00bbon\u00bb button_text_size=\u00bb14px\u00bb button_text_color=\u00bb#FFFFFF\u00bb button_bg_color=\u00bbgcid-89bf99d7-cb71-4db3-8e96-fc33c1adc40f\u00bb button_letter_spacing=\u00bb2px\u00bb button_font=\u00bb&#8211;et_global_body_font|600|||||||\u00bb button_custom_padding=\u00bb7px|25px|7px|25px|false|false\u00bb text_orientation=\u00bbleft\u00bb width=\u00bb100%\u00bb max_width=\u00bb100%\u00bb content_width=\u00bb100%\u00bb content_max_width=\u00bb1600px\u00bb max_height=\u00bb337px\u00bb custom_margin=\u00bb0px||0px||false|false\u00bb custom_padding=\u00bb0px||||false|false\u00bb animation_style=\u00bbfade\u00bb auto=\u00bbon\u00bb auto_speed=\u00bb15000&#8243; hover_enabled=\u00bb0&#8243; global_colors_info=\u00bb{%22gcid-89bf99d7-cb71-4db3-8e96-fc33c1adc40f%22:%91%22button_bg_color%22%93}\u00bb sticky_enabled=\u00bb0&#8243;][et_pb_slide heading=\u00bbDoblar, no romper\u00bb button_text=\u00bbVisita Anthem EAP\u00bb button_link=\u00bbhttps:\/\/anthemeap.com\/joint-benefit-trust\u00bb url_new_window=\u00bbon\u00bb image=\u00bbhttps:\/\/jointbenefittrust.com\/app\/uploads\/2025\/05\/JBT-MAP-915&#215;1024.jpg\u00bb _builder_version=\u00bb4.27.4&#8243; _module_preset=\u00bbdefault\u00bb header_level=\u00bbh3&#8243; header_font=\u00bbPlayfair Display|700|||||||\u00bb header_font_size=\u00bb36px\u00bb background_color=\u00bb#000000&#8243; background_enable_color=\u00bbon\u00bb custom_button=\u00bbon\u00bb button_bg_color=\u00bbgcid-89bf99d7-cb71-4db3-8e96-fc33c1adc40f\u00bb button_border_width=\u00bb0px\u00bb button_border_color=\u00bbRGBA(255,255,255,0)\u00bb button_border_radius=\u00bb20px\u00bb button_font=\u00bb|||on|||||\u00bb custom_padding=\u00bb40px|20px|40px|10px|false|false\u00bb hover_enabled=\u00bb0&#8243; custom_css_slide_image=\u00bbmax-height: 100% !important;\u00bb global_colors_info=\u00bb{%22gcid-89bf99d7-cb71-4db3-8e96-fc33c1adc40f%22:%91%22button_bg_color%22%93}\u00bb sticky_transition=\u00bbon\u00bb button_text_2=\u00bb Leer M\u00e1s\u00bb button_link_2=\u00bb\/app\/uploads\/2025\/05\/JBT-MAP-screensaver-scaled.jpg\u00bb sticky_enabled=\u00bb0&#8243;]<\/p>\n<p class=\"tw-data-text tw-text-large tw-ta\" data-placeholder=\"Translation\" id=\"tw-target-text\" data-ved=\"2ahUKEwiN67W09rmNAxW9FFkFHeCxMswQ3ewLegQIChAW\" dir=\"ltr\" aria-label=\"Translated text: Encuentre apoyo para las exigencias de la vida a trav\u00e9s de su Programa de Asistencia al Miembro (PAM). Acceda de forma m\u00e1s r\u00e1pida y sencilla a asesoramiento y recursos confidenciales, las 24 horas, los 7 d\u00edas de la semana, sin costo adicional.\"><span class=\"Y2IQFc\" lang=\"es\">Encuentre apoyo para las exigencias de la vida a trav\u00e9s de su Programa de Asistencia al Miembro (MAP). <\/span><\/p>\n<p class=\"tw-data-text tw-text-large tw-ta\" data-placeholder=\"Translation\" data-ved=\"2ahUKEwiN67W09rmNAxW9FFkFHeCxMswQ3ewLegQIChAW\" dir=\"ltr\" aria-label=\"Translated text: Encuentre apoyo para las exigencias de la vida a trav\u00e9s de su Programa de Asistencia al Miembro (PAM). Acceda de forma m\u00e1s r\u00e1pida y sencilla a asesoramiento y recursos confidenciales, las 24 horas, los 7 d\u00edas de la semana, sin costo adicional.\"><span class=\"Y2IQFc\" lang=\"es\">Acceda de forma m\u00e1s r\u00e1pida y sencilla a asesoramiento y recursos confidenciales, las 24 horas, los 7 d\u00edas de la semana, sin costo adicional.<\/span><\/p>\n<p>[\/et_pb_slide][et_pb_slide heading=\u00bb\u00bfToda la informaci\u00f3n sobre mis beneficios en un solo lugar?\u00bb button_text=\u00bbRegistrarse\u00bb button_link=\u00bbhttps:\/\/ecommerce.issisystems.com\/isite314\/eremit.dll\/31403\/loginm.asp\u00bb image=\u00bbhttps:\/\/jointbenefittrust.com\/app\/uploads\/2020\/05\/jbt-homepage-hero-050520.png\u00bb _builder_version=\u00bb4.27.4&#8243; _module_preset=\u00bbdefault\u00bb header_level=\u00bbh3&#8243; header_font=\u00bbPlayfair Display|700|||||||\u00bb header_font_size=\u00bb36px\u00bb background_color=\u00bb#000000&#8243; background_enable_color=\u00bbon\u00bb custom_button=\u00bbon\u00bb button_bg_color=\u00bbgcid-89bf99d7-cb71-4db3-8e96-fc33c1adc40f\u00bb button_border_width=\u00bb0px\u00bb button_border_color=\u00bbRGBA(255,255,255,0)\u00bb button_border_radius=\u00bb20px\u00bb button_font=\u00bb|||on|||||\u00bb custom_padding=\u00bb40px|10px|40px|10px|false|false\u00bb dbdb_link_slide_title=\u00bboff\u00bb global_colors_info=\u00bb{%22gcid-89bf99d7-cb71-4db3-8e96-fc33c1adc40f%22:%91%22button_bg_color%22%93}\u00bb sticky_transition=\u00bbon\u00bb]<\/p>\n<div class=\"uk-margin\">\n<p class=\"para-hp-no-left-margin\">Registre su nueva cuenta del portal ahora. Los jubilados tambi\u00e9n pueden registrarse.<\/p>\n<\/div>\n<p>[\/et_pb_slide][\/et_pb_fullwidth_slider][\/et_pb_section][et_pb_section fb_built=\u00bb1&#8243; _builder_version=\u00bb4.21.0&#8243; custom_padding=\u00bb19px||0px||false|false\u00bb global_colors_info=\u00bb{}\u00bb][et_pb_row _builder_version=\u00bb4.25.1&#8243; background_size=\u00bbinitial\u00bb background_position=\u00bbtop_left\u00bb background_repeat=\u00bbrepeat\u00bb custom_margin=\u00bb||0px||false|false\u00bb custom_padding=\u00bb||0px|||\u00bb global_colors_info=\u00bb{}\u00bb][et_pb_column type=\u00bb4_4&#8243; _builder_version=\u00bb4.16&#8243; custom_padding=\u00bb|||\u00bb global_colors_info=\u00bb{}\u00bb custom_padding__hover=\u00bb|||\u00bb][et_pb_text _builder_version=\u00bb4.27.4&#8243; header_2_font=\u00bbPlayfair Display||||||||\u00bb header_2_font_size=\u00bb48px\u00bb background_size=\u00bbinitial\u00bb background_position=\u00bbtop_left\u00bb background_repeat=\u00bbrepeat\u00bb custom_margin=\u00bb||0px||false|false\u00bb custom_padding=\u00bb||0px||false|false\u00bb global_colors_info=\u00bb{}\u00bb]<\/p>\n<div style=\"padding: 40px; margin-bottom: 40px;\">\n<div class=\"below-header-text\">\n<h2>Inf\u00f3rmese antes de acudir.<\/h2>\n<p>&nbsp;<\/p>\n<p>Para asegurarse de que su atenci\u00f3n est\u00e9 cubierta, verifique que su m\u00e9dico sea parte de la red de su plan m\u00e9dico.<\/p>\n<p><strong>Llame al 833-346-3365<\/strong>\u00a0para confirmar.<\/p>\n<\/div>\n<\/div>\n<p><!-- \/divi:paragraph --><br \/>\n[\/et_pb_text][\/et_pb_column][\/et_pb_row][\/et_pb_section][et_pb_section fb_built=\u00bb1&#8243; _builder_version=\u00bb4.21.0&#8243; _module_preset=\u00bbdefault\u00bb custom_padding=\u00bb20px||||false|false\u00bb global_colors_info=\u00bb{}\u00bb][et_pb_row column_structure=\u00bb1_3,1_3,1_3&#8243; _builder_version=\u00bb4.21.0&#8243; _module_preset=\u00bbdefault\u00bb global_colors_info=\u00bb{}\u00bb][et_pb_column type=\u00bb1_3&#8243; _builder_version=\u00bb4.21.0&#8243; _module_preset=\u00bbdefault\u00bb global_colors_info=\u00bb{}\u00bb][et_pb_blurb url=\u00bb@ET-DC@eyJkeW5hbWljIjp0cnVlLCJjb250ZW50IjoicG9zdF9saW5rX3VybF9wYWdlIiwic2V0dGluZ3MiOnsicG9zdF9pZCI6IjY5NiJ9fQ==@\u00bb image=\u00bbhttps:\/\/jointbenefittrust.com\/app\/uploads\/2020\/05\/apple-heart-2.png\u00bb admin_label=\u00bbPlan coverage details\u00bb _builder_version=\u00bb4.27.4&#8243; _dynamic_attributes=\u00bblink_option_url,url\u00bb _module_preset=\u00bbdefault\u00bb body_font=\u00bb|600|||||||\u00bb body_text_align=\u00bbcenter\u00bb body_font_size=\u00bb26px\u00bb body_line_height=\u00bb1.5em\u00bb background_color=\u00bb#000000&#8243; background_layout=\u00bbdark\u00bb min_height=\u00bb383px\u00bb custom_padding=\u00bb50px|30px|50px|30px|false|false\u00bb link_option_url=\u00bb@ET-DC@eyJkeW5hbWljIjp0cnVlLCJjb250ZW50IjoicG9zdF9saW5rX3VybF9wYWdlIiwic2V0dGluZ3MiOnsicG9zdF9pZCI6IjE4MCJ9fQ==@\u00bb global_colors_info=\u00bb{}\u00bb]Obtenga los detalles de la cobertura del plan<br \/>\n[\/et_pb_blurb][\/et_pb_column][et_pb_column type=\u00bb1_3&#8243; _builder_version=\u00bb4.21.0&#8243; _module_preset=\u00bbdefault\u00bb global_colors_info=\u00bb{}\u00bb][et_pb_blurb url=\u00bb@ET-DC@eyJkeW5hbWljIjp0cnVlLCJjb250ZW50IjoicG9zdF9saW5rX3VybF9wYWdlIiwic2V0dGluZ3MiOnsicG9zdF9pZCI6IjE0ODAifX0=@\u00bb image=\u00bbhttps:\/\/jointbenefittrust.com\/app\/uploads\/2020\/05\/hands-heart-2.png\u00bb admin_label=\u00bbhealth status and risks\u00bb _builder_version=\u00bb4.27.4&#8243; _dynamic_attributes=\u00bburl\u00bb _module_preset=\u00bbdefault\u00bb body_font=\u00bb|600|||||||\u00bb body_text_align=\u00bbcenter\u00bb body_font_size=\u00bb26px\u00bb body_line_height=\u00bb1.5em\u00bb background_color=\u00bb#000000&#8243; background_layout=\u00bbdark\u00bb min_height=\u00bb383px\u00bb custom_padding=\u00bb50px|30px|50px|30px|false|false\u00bb global_colors_info=\u00bb{}\u00bb]Comprenda su estado de salud y sus riesgos.<br \/>\n[\/et_pb_blurb][\/et_pb_column][et_pb_column type=\u00bb1_3&#8243; _builder_version=\u00bb4.21.0&#8243; _module_preset=\u00bbdefault\u00bb global_colors_info=\u00bb{}\u00bb][et_pb_blurb url=\u00bb@ET-DC@eyJkeW5hbWljIjp0cnVlLCJjb250ZW50IjoicG9zdF9saW5rX3VybF9wYWdlIiwic2V0dGluZ3MiOnsicG9zdF9pZCI6IjE0In19@\u00bb image=\u00bbhttps:\/\/jointbenefittrust.com\/app\/uploads\/2020\/05\/umbrella-2.png\u00bb admin_label=\u00bbeligibility for benefits\u00bb _builder_version=\u00bb4.27.4&#8243; _dynamic_attributes=\u00bburl\u00bb _module_preset=\u00bbdefault\u00bb body_font=\u00bb|600|||||||\u00bb body_text_align=\u00bbcenter\u00bb body_font_size=\u00bb26px\u00bb body_line_height=\u00bb1.5em\u00bb background_color=\u00bb#000000&#8243; background_layout=\u00bbdark\u00bb min_height=\u00bb383px\u00bb custom_padding=\u00bb50px|30px|50px|30px|false|false\u00bb global_colors_info=\u00bb{}\u00bb]Verifique su elegibilidad para la cobertura de beneficios.<br \/>\n[\/et_pb_blurb][\/et_pb_column][\/et_pb_row][\/et_pb_section]<\/p>\n","protected":false},"excerpt":{"rendered":"<p>Encuentre apoyo para las exigencias de la vida a trav\u00e9s de su Programa de Asistencia al Miembro (MAP). Acceda de forma m\u00e1s r\u00e1pida y sencilla a asesoramiento y recursos confidenciales, las 24 horas, los 7 d\u00edas de la semana, sin costo adicional. Registre su nueva cuenta del portal ahora. Los jubilados tambi\u00e9n pueden registrarse. Inf\u00f3rmese [&hellip;]<\/p>\n","protected":false},"author":9,"featured_media":0,"parent":0,"menu_order":0,"comment_status":"closed","ping_status":"closed","template":"","meta":{"_et_pb_use_builder":"on","_et_pb_old_content":"","_et_gb_content_width":"","footnotes":""},"class_list":["post-1767","page","type-page","status-publish","hentry"],"_links":{"self":[{"href":"https:\/\/jointbenefittrust.com\/es\/wp-json\/wp\/v2\/pages\/1767","targetHints":{"allow":["GET"]}}],"collection":[{"href":"https:\/\/jointbenefittrust.com\/es\/wp-json\/wp\/v2\/pages"}],"about":[{"href":"https:\/\/jointbenefittrust.com\/es\/wp-json\/wp\/v2\/types\/page"}],"author":[{"embeddable":true,"href":"https:\/\/jointbenefittrust.com\/es\/wp-json\/wp\/v2\/users\/9"}],"replies":[{"embeddable":true,"href":"https:\/\/jointbenefittrust.com\/es\/wp-json\/wp\/v2\/comments?post=1767"}],"version-history":[{"count":24,"href":"https:\/\/jointbenefittrust.com\/es\/wp-json\/wp\/v2\/pages\/1767\/revisions"}],"predecessor-version":[{"id":2330,"href":"https:\/\/jointbenefittrust.com\/es\/wp-json\/wp\/v2\/pages\/1767\/revisions\/2330"}],"wp:attachment":[{"href":"https:\/\/jointbenefittrust.com\/es\/wp-json\/wp\/v2\/media?parent=1767"}],"curies":[{"name":"wp","href":"https:\/\/api.w.org\/{rel}","templated":true}]}}