{"id":1943,"date":"2020-01-29T01:06:53","date_gmt":"2020-01-29T01:06:53","guid":{"rendered":"https:\/\/jbt.issi-site.com\/privacy-policy\/"},"modified":"2025-03-19T15:26:11","modified_gmt":"2025-03-19T15:26:11","slug":"privacy-policy","status":"publish","type":"page","link":"https:\/\/jointbenefittrust.com\/es\/privacy-policy\/","title":{"rendered":"Descargo de Responsabilidad y Privacidad"},"content":{"rendered":"<p>[et_pb_section fb_built=\u00bb1&#8243; admin_label=\u00bbSearch and Login Button Section\u00bb _builder_version=\u00bb4.25.1&#8243; _module_preset=\u00bbdefault\u00bb custom_margin=\u00bb0px||0px||false|false\u00bb custom_padding=\u00bb0px||0px||false|false\u00bb global_colors_info=\u00bb{}\u00bb][et_pb_row column_structure=\u00bb2_5,3_5&#8243; _builder_version=\u00bb4.25.1&#8243; _module_preset=\u00bbdefault\u00bb custom_margin=\u00bb5px||5px||false|false\u00bb custom_padding=\u00bb5px||5px||false|false\u00bb global_colors_info=\u00bb{}\u00bb][et_pb_column type=\u00bb2_5&#8243; _builder_version=\u00bb4.21.0&#8243; _module_preset=\u00bbdefault\u00bb global_colors_info=\u00bb{}\u00bb][et_pb_icon font_icon=\u00bb&#xf002;||fa||900&#8243; icon_color=\u00bb#000000&#8243; icon_width=\u00bb18px\u00bb align=\u00bbleft\u00bb _builder_version=\u00bb4.25.1&#8243; _module_preset=\u00bbdefault\u00bb custom_margin=\u00bb||0px||false|false\u00bb custom_css_main_element=\u00bb    display: inline-block;||    float: left;||    padding-right: 10px;||    padding-top: 4px;\u00bb global_colors_info=\u00bb{}\u00bb][\/et_pb_icon][et_pb_search show_button=\u00bboff\u00bb placeholder=\u00bbsearch&#8230;\u00bb _builder_version=\u00bb4.21.0&#8243; _module_preset=\u00bbdefault\u00bb form_field_background_color=\u00bbRGBA(255,255,255,0)\u00bb background_color=\u00bb#f9f9f9&#8243; module_alignment=\u00bbleft\u00bb border_width_all=\u00bb0px\u00bb border_color_all=\u00bbrgba(0,0,0,0.17)\u00bb global_colors_info=\u00bb{}\u00bb][\/et_pb_search][\/et_pb_column][et_pb_column type=\u00bb3_5&#8243; _builder_version=\u00bb4.21.0&#8243; _module_preset=\u00bbdefault\u00bb global_colors_info=\u00bb{}\u00bb][et_pb_button button_url=\u00bbhttps:\/\/ecommerce.issisystems.com\/isite-test314\/eremit.dll\/31403\/loginm.asp\u00bb url_new_window=\u00bbon\u00bb button_text=\u00bbMember Portal\u00bb button_alignment=\u00bbright\u00bb _builder_version=\u00bb4.27.0&#8243; _module_preset=\u00bbdefault\u00bb custom_button=\u00bbon\u00bb button_text_size=\u00bb14px\u00bb button_bg_color=\u00bb#0caa93&#8243; button_border_radius=\u00bb20px\u00bb button_font=\u00bb|||on|||||\u00bb global_colors_info=\u00bb{}\u00bb][\/et_pb_button][\/et_pb_column][\/et_pb_row][\/et_pb_section][et_pb_section fb_built=\u00bb1&#8243; admin_label=\u00bbPage Header Section\u00bb _builder_version=\u00bb4.21.0&#8243; _module_preset=\u00bbdefault\u00bb custom_margin=\u00bb0px||0px||false|false\u00bb custom_padding=\u00bb5px||5px||false|false\u00bb global_colors_info=\u00bb{}\u00bb][et_pb_row _builder_version=\u00bb4.21.0&#8243; _module_preset=\u00bbdefault\u00bb custom_padding=\u00bb10px||10px||false|false\u00bb global_colors_info=\u00bb{}\u00bb][et_pb_column type=\u00bb4_4&#8243; _builder_version=\u00bb4.21.0&#8243; _module_preset=\u00bbdefault\u00bb global_colors_info=\u00bb{}\u00bb][et_pb_dmb_breadcrumbs font_icon=\u00bb&#x35;||divi||400&#8243; use_home_icon=\u00bboff\u00bb _builder_version=\u00bb4.21.0&#8243; _module_preset=\u00bbdefault\u00bb body_text_color=\u00bb#565656&#8243; body_font_size=\u00bb18px\u00bb link_text_color=\u00bb#0caa93&#8243; link_font_size=\u00bb18px\u00bb global_colors_info=\u00bb{}\u00bb][\/et_pb_dmb_breadcrumbs][et_pb_post_title meta=\u00bboff\u00bb featured_image=\u00bboff\u00bb _builder_version=\u00bb4.21.0&#8243; _module_preset=\u00bbdefault\u00bb title_font=\u00bbPlayfair Display|600|||||||\u00bb title_font_size=\u00bb52px\u00bb title_line_height=\u00bb48px\u00bb global_colors_info=\u00bb{}\u00bb][\/et_pb_post_title][\/et_pb_column][\/et_pb_row][\/et_pb_section][et_pb_section fb_built=\u00bb1&#8243; admin_label=\u00bbsection\u00bb _builder_version=\u00bb4.16&#8243; global_colors_info=\u00bb{}\u00bb][et_pb_row column_structure=\u00bb3_4,1_4&#8243; admin_label=\u00bbrow\u00bb _builder_version=\u00bb4.16&#8243; background_size=\u00bbinitial\u00bb background_position=\u00bbtop_left\u00bb background_repeat=\u00bbrepeat\u00bb global_colors_info=\u00bb{}\u00bb][et_pb_column type=\u00bb3_4&#8243; _builder_version=\u00bb4.16&#8243; custom_padding=\u00bb|||\u00bb global_colors_info=\u00bb{}\u00bb custom_padding__hover=\u00bb|||\u00bb][et_pb_text admin_label=\u00bbText\u00bb _builder_version=\u00bb4.27.4&#8243; header_3_font_size=\u00bb36px\u00bb background_size=\u00bbinitial\u00bb background_position=\u00bbtop_left\u00bb background_repeat=\u00bbrepeat\u00bb hover_enabled=\u00bb0&#8243; global_colors_info=\u00bb{}\u00bb sticky_enabled=\u00bb0&#8243;]<\/p>\n<h2 class=\"page-section-titles\">Acerca de Este Sitio Web<\/h2>\n<p class=\"internal-page-paragraphs\"><span>La informaci\u00f3n de este sitio web est\u00e1 destinada \u00fanicamente a proporcionar aspectos destacados de los beneficios disponibles bajo el Fideicomiso de Beneficio Conjunto. La informaci\u00f3n completa sobre el plan est\u00e1 contenida en los documentos del plan que rigen y en cualquier contrato de seguro aplicable. En caso de cualquier inconsistencia entre la informaci\u00f3n de este sitio web y los documentos oficiales del plan, regir\u00e1n los t\u00e9rminos de los documentos oficiales del plan. El Fideicomiso de Beneficio Conjunto se reserva el derecho a enmendar, modificar o cancelar todo o parte del plan en cualquier momento.<\/span><\/p>\n<p>&nbsp;<\/p>\n<h3 class=\"page-section-titles\">Su Privacidad<\/h3>\n<p>Consulte el <strong>Aviso de Pr\u00e1cticas de Privacidad del Fideicomiso de Beneficio Conjunto<\/strong>\u00a0(<a href=\"\/wp-content\/uploads\/2020\/11\/JBT-NOPP-072020.pdf\" target=\"_blank\" rel=\"noopener\">ingl\u00e9s<\/a> |\u00a0<a href=\"\/app\/uploads\/2021\/01\/JBT-NOPP-072020-SPA.pdf\" target=\"_blank\" rel=\"noopener\">espa\u00f1ol<\/a>) para obtener m\u00e1s informaci\u00f3n sobre c\u00f3mo se puede usar y divulgar su informaci\u00f3n m\u00e9dica y c\u00f3mo puede acceder a esta informaci\u00f3n.<\/p>\n<p>[\/et_pb_text][\/et_pb_column][et_pb_column type=\u00bb1_4&#8243; _builder_version=\u00bb4.16&#8243; custom_padding=\u00bb|||\u00bb global_colors_info=\u00bb{}\u00bb custom_padding__hover=\u00bb|||\u00bb][et_pb_blurb title=\u00bbM\u00e1s informaci\u00f3n\u00bb _builder_version=\u00bb4.27.0&#8243; _module_preset=\u00bbdefault\u00bb header_text_color=\u00bb#FFFFFF\u00bb header_font_size=\u00bb24px\u00bb header_line_height=\u00bb1.4em\u00bb background_color=\u00bb#000000&#8243; background_layout=\u00bbdark\u00bb custom_padding=\u00bb25px|25px|25px|25px|false|false\u00bb global_colors_info=\u00bb{}\u00bb]<\/p>\n<p>Obtenga los formularios de inscripci\u00f3n que necesita en <a href=\"\/recursos\">Recursos\u00a0<\/a>la p\u00e1gina de recursos.<\/p>\n<p>[\/et_pb_blurb][\/et_pb_column][\/et_pb_row][\/et_pb_section]<\/p>\n","protected":false},"excerpt":{"rendered":"<p>Acerca de Este Sitio Web La informaci\u00f3n de este sitio web est\u00e1 destinada \u00fanicamente a proporcionar aspectos destacados de los beneficios disponibles bajo el Fideicomiso de Beneficio Conjunto. La informaci\u00f3n completa sobre el plan est\u00e1 contenida en los documentos del plan que rigen y en cualquier contrato de seguro aplicable. En caso de cualquier inconsistencia [&hellip;]<\/p>\n","protected":false},"author":9,"featured_media":0,"parent":0,"menu_order":0,"comment_status":"closed","ping_status":"open","template":"","meta":{"_et_pb_use_builder":"on","_et_pb_old_content":"<!-- wp:heading {\"className\":\"page-section-titles\"} -->\r\n<h2 class=\"page-section-titles\">About This Website<\/h2>\r\n<!-- \/wp:heading -->\r\n\r\n<!-- wp:html -->\r\n<div style=\"padding:40px\" 0px;\"=\"\">\r\n<p class=\"internal-page-paragraphs\">The information on this website is intended only to provide highlights of the benefits available under the Joint Benefit Trust. Complete information about the plan is contained in the governing plan documents and any applicable insurance contracts. In the event of any inconsistency between the information on this website and the official plan documents, the terms of the official plan documents will govern. The Joint Benefit Trust reserves the right to amend, modify, or terminate all or part of the plan at any time.<\/p>\r\n<\/div>\r\n<!-- \/wp:html -->\r\n\r\n<!-- wp:html -->\r\n<h2 class=\"page-section-titles\">Your Privacy<\/h2>\r\n<!-- \/wp:html -->\r\n\r\n<!-- wp:html -->\r\n<div style=\"padding:40px\" 0px;\"=\"\">\r\n<p class=\"internal-page-paragraphs\">Refer to the <a href=\"\/wp-content\/uploads\/2020\/11\/JBT-NOPP-072020.pdf\">Joint Benefit Trust Notice of Privacy Practices<\/a> to learn more about how your medical information may be used and disclosed and how you can get access to this information.<\/p>\r\n<\/div>\r\n<!-- \/wp:html -->\r\n\r\n<!-- wp:paragraph -->\r\n<p><\/p>\r\n<!-- \/wp:paragraph -->","_et_gb_content_width":"","footnotes":""},"class_list":["post-1943","page","type-page","status-publish","hentry"],"_links":{"self":[{"href":"https:\/\/jointbenefittrust.com\/es\/wp-json\/wp\/v2\/pages\/1943","targetHints":{"allow":["GET"]}}],"collection":[{"href":"https:\/\/jointbenefittrust.com\/es\/wp-json\/wp\/v2\/pages"}],"about":[{"href":"https:\/\/jointbenefittrust.com\/es\/wp-json\/wp\/v2\/types\/page"}],"author":[{"embeddable":true,"href":"https:\/\/jointbenefittrust.com\/es\/wp-json\/wp\/v2\/users\/9"}],"replies":[{"embeddable":true,"href":"https:\/\/jointbenefittrust.com\/es\/wp-json\/wp\/v2\/comments?post=1943"}],"version-history":[{"count":7,"href":"https:\/\/jointbenefittrust.com\/es\/wp-json\/wp\/v2\/pages\/1943\/revisions"}],"predecessor-version":[{"id":2251,"href":"https:\/\/jointbenefittrust.com\/es\/wp-json\/wp\/v2\/pages\/1943\/revisions\/2251"}],"wp:attachment":[{"href":"https:\/\/jointbenefittrust.com\/es\/wp-json\/wp\/v2\/media?parent=1943"}],"curies":[{"name":"wp","href":"https:\/\/api.w.org\/{rel}","templated":true}]}}