{"id":1954,"date":"2020-11-19T09:17:51","date_gmt":"2020-11-19T09:17:51","guid":{"rendered":"https:\/\/jbt.issi-site.com\/contactos\/"},"modified":"2025-02-05T14:35:08","modified_gmt":"2025-02-05T14:35:08","slug":"contactos","status":"publish","type":"page","link":"https:\/\/jointbenefittrust.com\/es\/recursos\/contactos\/","title":{"rendered":"Contactos"},"content":{"rendered":"<p>[et_pb_section fb_built=\u00bb1&#8243; admin_label=\u00bbSearch and Login Button Section\u00bb _builder_version=\u00bb4.25.1&#8243; _module_preset=\u00bbdefault\u00bb custom_margin=\u00bb0px||0px||false|false\u00bb custom_padding=\u00bb0px||0px||false|false\u00bb saved_tabs=\u00bball\u00bb global_colors_info=\u00bb{}\u00bb][et_pb_row column_structure=\u00bb2_5,3_5&#8243; _builder_version=\u00bb4.25.1&#8243; _module_preset=\u00bbdefault\u00bb custom_margin=\u00bb5px||5px||false|false\u00bb custom_padding=\u00bb5px||5px||false|false\u00bb global_colors_info=\u00bb{}\u00bb][et_pb_column type=\u00bb2_5&#8243; _builder_version=\u00bb4.21.0&#8243; _module_preset=\u00bbdefault\u00bb global_colors_info=\u00bb{}\u00bb][et_pb_icon font_icon=\u00bb&#xf002;||fa||900&#8243; icon_color=\u00bb#000000&#8243; icon_width=\u00bb18px\u00bb align=\u00bbleft\u00bb _builder_version=\u00bb4.25.1&#8243; _module_preset=\u00bbdefault\u00bb custom_margin=\u00bb||0px||false|false\u00bb custom_css_main_element=\u00bb    display: inline-block;||    float: left;||    padding-right: 10px;||    padding-top: 4px;\u00bb global_colors_info=\u00bb{}\u00bb][\/et_pb_icon][et_pb_search show_button=\u00bboff\u00bb placeholder=\u00bbbusca&#8230;\u00bb _builder_version=\u00bb4.21.0&#8243; _module_preset=\u00bbdefault\u00bb form_field_background_color=\u00bbRGBA(255,255,255,0)\u00bb background_color=\u00bb#f9f9f9&#8243; module_alignment=\u00bbleft\u00bb border_width_all=\u00bb0px\u00bb border_color_all=\u00bbrgba(0,0,0,0.17)\u00bb global_colors_info=\u00bb{}\u00bb][\/et_pb_search][\/et_pb_column][et_pb_column type=\u00bb3_5&#8243; _builder_version=\u00bb4.21.0&#8243; _module_preset=\u00bbdefault\u00bb global_colors_info=\u00bb{}\u00bb][et_pb_button button_url=\u00bbhttps:\/\/ecommerce.issisystems.com\/isite314\/eremit.dll\/31403\/loginm.asp\u00bb url_new_window=\u00bbon\u00bb button_text=\u00bbPortal miembro\u00bb button_alignment=\u00bbright\u00bb _builder_version=\u00bb4.27.0&#8243; _module_preset=\u00bbdefault\u00bb custom_button=\u00bbon\u00bb button_text_size=\u00bb14px\u00bb button_bg_color=\u00bb#0caa93&#8243; button_border_radius=\u00bb20px\u00bb button_font=\u00bb|||on|||||\u00bb global_colors_info=\u00bb{}\u00bb][\/et_pb_button][\/et_pb_column][\/et_pb_row][\/et_pb_section][et_pb_section fb_built=\u00bb1&#8243; admin_label=\u00bbPage Header Section\u00bb _builder_version=\u00bb4.21.0&#8243; _module_preset=\u00bbdefault\u00bb custom_margin=\u00bb0px||0px||false|false\u00bb custom_padding=\u00bb5px||5px||false|false\u00bb saved_tabs=\u00bball\u00bb global_colors_info=\u00bb{}\u00bb][et_pb_row _builder_version=\u00bb4.21.0&#8243; _module_preset=\u00bbdefault\u00bb custom_padding=\u00bb10px||10px||false|false\u00bb global_colors_info=\u00bb{}\u00bb][et_pb_column type=\u00bb4_4&#8243; _builder_version=\u00bb4.21.0&#8243; _module_preset=\u00bbdefault\u00bb global_colors_info=\u00bb{}\u00bb][et_pb_dmb_breadcrumbs font_icon=\u00bb&#x35;||divi||400&#8243; use_home_icon=\u00bboff\u00bb _builder_version=\u00bb4.21.0&#8243; _module_preset=\u00bbdefault\u00bb body_text_color=\u00bb#565656&#8243; body_font_size=\u00bb18px\u00bb link_text_color=\u00bb#0caa93&#8243; link_font_size=\u00bb18px\u00bb global_colors_info=\u00bb{}\u00bb][\/et_pb_dmb_breadcrumbs][et_pb_post_title meta=\u00bboff\u00bb featured_image=\u00bboff\u00bb _builder_version=\u00bb4.21.0&#8243; _module_preset=\u00bbdefault\u00bb title_font=\u00bbPlayfair Display|600|||||||\u00bb title_font_size=\u00bb52px\u00bb title_line_height=\u00bb48px\u00bb global_colors_info=\u00bb{}\u00bb][\/et_pb_post_title][\/et_pb_column][\/et_pb_row][\/et_pb_section][et_pb_section fb_built=\u00bb1&#8243; _builder_version=\u00bb4.21.0&#8243; custom_margin=\u00bb||||false|false\u00bb custom_padding=\u00bb10px||||false|false\u00bb global_colors_info=\u00bb{}\u00bb][et_pb_row column_structure=\u00bb3_4,1_4&#8243; _builder_version=\u00bb4.16&#8243; background_size=\u00bbinitial\u00bb background_position=\u00bbtop_left\u00bb background_repeat=\u00bbrepeat\u00bb global_colors_info=\u00bb{}\u00bb][et_pb_column type=\u00bb3_4&#8243; _builder_version=\u00bb4.16&#8243; custom_padding=\u00bb|||\u00bb global_colors_info=\u00bb{}\u00bb custom_padding__hover=\u00bb|||\u00bb][et_pb_text _builder_version=\u00bb4.27.4&#8243; _module_preset=\u00bbdefault\u00bb global_colors_info=\u00bb{}\u00bb]<\/p>\n<h2 class=\"contact-page-titles\">Administradores de Beneficios y Servicios de Salud (HSBA)<\/h2>\n<p class=\"internal-page-paragraphs\">Formularios de reclamo, tabla dental de asignaciones, presentar reclamos de salud y apelaciones, preguntas de elegibilidad, informaci\u00f3n de beneficios del plan, red de centros de mamograf\u00eda, aviso de cobertura acreditable de la Parte D de Medicare, solicitud de autorizaci\u00f3n previa, resumen de beneficios y cobertura, COBRA<\/p>\n<p><strong>800-JBT-HELP<\/strong> (<a href=\"tel:18005284357\" target=\"_blank\" rel=\"noopener\">800-528-4357<\/a>)<br \/><a href=\"https:\/\/hsba.com\/\" target=\"_blank\" rel=\"noopener noreferrer\">Sitio web<\/a><br \/><a href=\"https:\/\/ecommerce.issisystems.com\/isite314\/eremit.dll\/31403\/loginm.asp\" target=\"_blank\" rel=\"noopener noreferrer\">Portal para miembros de JBT<\/a><\/p>\n<p><strong>L\u00ednea de Ayuda para M\u00e9dicos \/ Centros de JBT<\/strong><br \/><a href=\"tel:18333463365\" target=\"_blank\" rel=\"noopener\">833-346-3365<\/a><\/p>\n<p><strong>Programa de Manejo de Enfermedades Cr\u00f3nicas<\/strong><br \/><a href=\"tel:18002843926\" target=\"_blank\" rel=\"noopener\">800-284-3926<\/a><\/p>\n<h2 class=\"contact-page-titles\">Anthem Blue Cross<\/h2>\n<p class=\"internal-page-paragraphs\"><a href=\"http:\/\/www.anthem.com\/ca\" target=\"_blank\" rel=\"noopener\">Sitio web<\/a><\/p>\n<p><strong>Centro de Servicios BlueCard WorldWide<\/strong><br \/><a href=\"tel:18008102583\" target=\"_blank\" rel=\"noopener\">800-810-BLUE (2583)<\/a> o a cobro revertido <a href=\"tel:18046731177\" target=\"_blank\" rel=\"noopener\">804-673-1177<\/a><\/p>\n<p><strong>LiveHealth Online (Telesalud \/ Atenci\u00f3n Virtual)<\/strong><br \/><a href=\"tel:18885483432\" target=\"_blank\" rel=\"noopener\">888-548-3432<\/a><br \/><a href=\"https:\/\/livehealthonline.com\/\" target=\"_blank\" rel=\"noopener noreferrer\">Sitio web<\/a><\/p>\n<h2 class=\"contact-page-titles\">Kaiser Permanente<\/h2>\n<p class=\"internal-page-paragraphs\"><strong>Asistencia para Miembros<\/strong><br \/><a href=\"tel:18004644000\" target=\"_blank\" rel=\"noopener\">800-464-4000<\/a> (<span>ingl\u00e9s<\/span>)<br \/><a href=\"tel:18007880616\" target=\"_blank\" rel=\"noopener\">800-788-0616<\/a> (<span>espa\u00f1ol<\/span>)<br \/><a href=\"https:\/\/my.kp.org\/jointbenefittrust\/\" target=\"_blank\" rel=\"noopener noreferrer\">Sitio web<\/a><\/p>\n<p><strong>Citas y L\u00ednea de Asesoramiento de Enfermer\u00eda<\/strong><br \/><a href=\"tel:18664548855\" target=\"_blank\" rel=\"noopener\">866-454-8855<\/a><\/p>\n<h2 class=\"contact-page-titles\">CVS Caremark<\/h2>\n<p class=\"internal-page-paragraphs\"><strong>Gerente de Beneficios de Farmacia<\/strong><br \/><a href=\"tel:18002945979\" target=\"_blank\" rel=\"noopener\">800-294-5979<\/a><br \/><a href=\"http:\/\/caremark.com\/\" target=\"_blank\" rel=\"noopener noreferrer\">Sitio web<\/a><\/p>\n<p><strong>Servicio al Client<\/strong><br \/><a href=\"tel:18664750056\" target=\"_blank\" rel=\"noopener\">866-475-0056<\/a><\/p>\n<p><strong>Pre-Autorizaci\u00f3n \u2014 Solo para Personal de los Proveedores<\/strong><br \/><a href=\"tel:18002945979\" target=\"_blank\" rel=\"noopener\">800-294-5979<\/a><\/p>\n<h2 class=\"contact-page-titles\">Beneficio Dental (HS&amp;BA)<\/h2>\n<p class=\"internal-page-paragraphs\"><strong>Directorio de redes y proveedores, reclamos y apelaciones, preguntas<\/strong><br \/>800-JBT-HELP (<a href=\"tel:18005284357\" target=\"_blank\" rel=\"noopener\">800-528-4357<\/a>)<br \/><a href=\"https:\/\/hsba.com\/\" target=\"_blank\" rel=\"noopener noreferrer\">Sitio web<\/a><\/p>\n<h2 class=\"contact-page-titles\">Plan de Servicios de la Vista (VSP)<\/h2>\n<p class=\"internal-page-paragraphs\"><strong>Directorio de redes y proveedores, reclamos y apelaciones, preguntas<\/strong><br \/><a href=\"tel:18008777195\" target=\"_blank\" rel=\"noopener\">800-877-7195<\/a><br \/><a href=\"http:\/\/vsp.com\/\" target=\"_blank\" rel=\"noopener noreferrer\">Sitio web<\/a><\/p>\n<h2 class=\"contact-page-titles\">Programa de Rehabilitaci\u00f3n de Drogas\/Alcohol de Camioneros (TARP)<\/h2>\n<p class=\"internal-page-paragraphs\"><strong>Programa de tratamiento por abuso de sustancias<\/strong><br \/><a href=\"tel:18005228277\" target=\"_blank\" rel=\"noopener\">800-522-8277<\/a><\/p>\n<p>[\/et_pb_text][\/et_pb_column][et_pb_column type=\u00bb1_4&#8243; _builder_version=\u00bb4.16&#8243; custom_padding=\u00bb|||\u00bb global_colors_info=\u00bb{}\u00bb custom_padding__hover=\u00bb|||\u00bb][et_pb_blurb title=\u00bbM\u00e1s informaci\u00f3n\u00bb _builder_version=\u00bb4.27.4&#8243; _module_preset=\u00bbdefault\u00bb header_text_color=\u00bb#FFFFFF\u00bb body_text_color=\u00bb#FFFFFF\u00bb background_color=\u00bb#000000&#8243; background_layout=\u00bbdark\u00bb custom_padding=\u00bb20px|30px|20px|30px|false|false\u00bb hover_enabled=\u00bb0&#8243; global_colors_info=\u00bb{}\u00bb sticky_enabled=\u00bb0&#8243;]<\/p>\n<p>Obtenga los formularios de inscripci\u00f3n que necesita en <a href=\"https:\/\/jointbenefittrust.com\/es\/recursos\/\">Recursos <\/a>la p\u00e1gina de recursos.<\/p>\n<p>[\/et_pb_blurb][\/et_pb_column][\/et_pb_row][\/et_pb_section]<\/p>\n","protected":false},"excerpt":{"rendered":"<p>Administradores de Beneficios y Servicios de Salud (HSBA) Formularios de reclamo, tabla dental de asignaciones, presentar reclamos de salud y apelaciones, preguntas de elegibilidad, informaci\u00f3n de beneficios del plan, red de centros de mamograf\u00eda, aviso de cobertura acreditable de la Parte D de Medicare, solicitud de autorizaci\u00f3n previa, resumen de beneficios y cobertura, COBRA 800-JBT-HELP [&hellip;]<\/p>\n","protected":false},"author":9,"featured_media":0,"parent":1965,"menu_order":0,"comment_status":"closed","ping_status":"closed","template":"","meta":{"_et_pb_use_builder":"on","_et_pb_old_content":"<!-- wp:html -->\r\n<div style=\"padding: 40px;\">\r\n<h2 class=\"contact-page-titles\">Health Services & Benefit Administrators (HS&BA)<\/h2>\r\n<p class=\"internal-page-paragraphs\"><span style=\"font-weight: 600;\">Claim forms, dental table of allowances, file health claims and appeals, eligibility questions, plan benefit information, Mammography Center Network, Medicare Part D Notice of Creditable Coverage, Request Preauthorization, Summary of Benefits and Coverage, COBRA<\/span><br \/><br \/>800-JBT-HELP (<a href=\"tel:18005284357\">800-528-4357<\/a>)<br \/><a href=\"https:\/\/hsba.com\" target=\"_blank\" rel=\"noopener noreferrer\">Website<\/a><br \/><a href=\"https:\/\/ecommerce.issisystems.com\/isite314\/eremit.dll\/31403\/loginm.asp\" target=\"_blank\" rel=\"noopener noreferrer\">JBT Member Portal<\/a><br \/><br \/><span style=\"font-weight: 600;\">JBT Doctor\/Facility Helpline \u2013<\/span> for questions about networks and help finding a provider<br \/><a href=\"tel:18333463365\">833-346-3365<\/a> <br \/><br \/><span style=\"font-weight: 600;\">Chronic Disease Management Program<\/span><br \/><a href=\"tel:18002843926\">800-284-3926<\/a><\/p>\r\n<h2 class=\"contact-page-titles\">Anthem Blue Cross<\/h2>\r\n<p class=\"internal-page-paragraphs\"><a href=\"http:\/\/www.anthem.com\/ca\" target=\"_blank\" rel=\"noopener\">Website<\/a><br \/><br \/><span style=\"font-weight: 600;\">BlueCard WorldWide Service Center<\/span><br \/><a href=\"tel:18008102583\">800-810-BLUE (2583)<\/a> or collect at <a href=\"tel:18046731177\">804-673-1177<\/a><br \/><br \/><span style=\"font-weight: 600;\">LiveHealth Online (Telehealth \/ Virtual Care)<\/span><br \/><a href=\"tel:18885483432\">888-548-3432<\/a><br \/><a href=\"https:\/\/livehealthonline.com\/\" target=\"_blank\" rel=\"noopener noreferrer\">Website<\/a><\/p>\r\n<p class=\"internal-page-paragraphs\"><span style=\"font-weight: 600; font-style: italic!important; font-size: 15px!important;\">Note:<\/span> <span style=\"font-style: italic!important; font-size: 15px!important;\">Federal Transparency in Coverage regulations require that as of July 1, 2022 group health plans must post machine readable files containing (1) negotiated in-network rates and (2) out-of-network billed charges and allowed amounts. To access this information for Joint Benefit Trust, go to <a href=\"https:\/\/www.anthem.com\/machine-readable-file\/search\" target=\"_blank\" rel=\"noopener\">https:\/\/www.anthem.com\/machine-readable-file\/search<\/a>.<\/span><\/p>\r\n<h2 class=\"contact-page-titles\">Kaiser Permanente<\/h2>\r\n<p class=\"internal-page-paragraphs\"><span style=\"font-weight: 600;\">Member Support<\/span><br \/><a href=\"tel:18004644000\">800-464-4000<\/a> (English)<br \/><a href=\"tel:18007880616\">800-788-0616<\/a> (Spanish)<br \/><a href=\"https:\/\/my.kp.org\/jointbenefittrust\/\"\" target=\"_blank\" rel=\"noopener noreferrer\">Website<\/a><br \/><br \/><span style=\"font-weight: 600;\">Appointments and Nurse Advice Line<\/span><br \/><a href=\"tel:18664548855\">866-454-8855<\/a><\/p>\r\n<h2 class=\"contact-page-titles\">CVS Caremark<\/h2>\r\n<p class=\"internal-page-paragraphs\"><span style=\"font-weight: 600;\">Pharmacy Benefit Manager<\/span><br \/><a href=\"tel:18002945979\">800-294-5979<\/a><br \/><a href=\"http:\/\/caremark.com\/\" target=\"_blank\" rel=\"noopener noreferrer\">Website<\/a> <br \/><br \/><span style=\"font-weight: 600;\">Customer Care Team<\/span><br \/><a href=\"tel:18664750056\">866-475-0056<\/a> <br \/><br \/><span style=\"font-weight: 600;\">Preauthorization \u2013 for Provider Staff Only<\/span><br \/><a href=\"tel:18002945979\">800-294-5979<\/a><\/p>\r\n<h2 class=\"contact-page-titles\">Dental Benefit (HS&BA)<\/h2>\r\n<p class=\"internal-page-paragraphs\"><span style=\"font-weight: 600;\">Network and provider directory, claims and appeals, questions<\/span><br \/>800-JBT-HELP (<a href=\"tel:18005284357\">800-528-4357<\/a>)<br \/><a href=\"https:\/\/hsba.com\" target=\"_blank\" rel=\"noopener noreferrer\">Website<\/a><\/p>\r\n<h2 class=\"contact-page-titles\">Vision Service Plan (VSP)<\/h2>\r\n<p class=\"internal-page-paragraphs\"><span style=\"font-weight: 600;\">Network and provider directory, claims and appeals, questions<\/span><br \/><a href=\"tel:18008777195\">800-877-7195<\/a><br \/><a href=\"http:\/\/vsp.com\/\" target=\"_blank\" rel=\"noopener noreferrer\">Website<\/a><\/p>\r\n<h2 class=\"contact-page-titles\">Landmark Healthcare<\/h2>\r\n<p class=\"internal-page-paragraphs\"><span style=\"font-weight: 600;\">Chiropractic network<\/span><br \/><a href=\"tel:18002984875\">800-298-4875<\/a><br \/><a href=\"https:\/\/www.lhp-ca.com\/\" target=\"_blank\" rel=\"noopener noreferrer\">Website<\/a><\/p>\r\n<h2 class=\"contact-page-titles\">Teamsters Alcohol\/Drug Rehabilitation Program (TARP)<\/h2>\r\n<p class=\"internal-page-paragraphs\"><span style=\"font-weight: 600;\">Substance abuse treatment program<\/span><br \/><a href=\"tel:18005228277\">800-522-8277<\/a><\/p>\r\n<br \/><br \/><\/div>\r\n<!-- \/wp:html -->","_et_gb_content_width":"","footnotes":""},"class_list":["post-1954","page","type-page","status-publish","hentry"],"_links":{"self":[{"href":"https:\/\/jointbenefittrust.com\/es\/wp-json\/wp\/v2\/pages\/1954","targetHints":{"allow":["GET"]}}],"collection":[{"href":"https:\/\/jointbenefittrust.com\/es\/wp-json\/wp\/v2\/pages"}],"about":[{"href":"https:\/\/jointbenefittrust.com\/es\/wp-json\/wp\/v2\/types\/page"}],"author":[{"embeddable":true,"href":"https:\/\/jointbenefittrust.com\/es\/wp-json\/wp\/v2\/users\/9"}],"replies":[{"embeddable":true,"href":"https:\/\/jointbenefittrust.com\/es\/wp-json\/wp\/v2\/comments?post=1954"}],"version-history":[{"count":8,"href":"https:\/\/jointbenefittrust.com\/es\/wp-json\/wp\/v2\/pages\/1954\/revisions"}],"predecessor-version":[{"id":2222,"href":"https:\/\/jointbenefittrust.com\/es\/wp-json\/wp\/v2\/pages\/1954\/revisions\/2222"}],"up":[{"embeddable":true,"href":"https:\/\/jointbenefittrust.com\/es\/wp-json\/wp\/v2\/pages\/1965"}],"wp:attachment":[{"href":"https:\/\/jointbenefittrust.com\/es\/wp-json\/wp\/v2\/media?parent=1954"}],"curies":[{"name":"wp","href":"https:\/\/api.w.org\/{rel}","templated":true}]}}