{"id":1981,"date":"2024-03-21T18:40:45","date_gmt":"2024-03-21T18:40:45","guid":{"rendered":"https:\/\/jbt.issi-site.com\/programas-de-bienestar\/"},"modified":"2025-02-04T22:12:13","modified_gmt":"2025-02-04T22:12:13","slug":"programas-de-bienestar","status":"publish","type":"page","link":"https:\/\/jointbenefittrust.com\/es\/programas-de-bienestar\/","title":{"rendered":"Programas de Bienestar"},"content":{"rendered":"<p>[et_pb_section fb_built=\u00bb1&#8243; admin_label=\u00bbSearch and Login Button Section\u00bb _builder_version=\u00bb4.25.1&#8243; _module_preset=\u00bbdefault\u00bb custom_margin=\u00bb0px||0px||false|false\u00bb custom_padding=\u00bb0px||0px||false|false\u00bb saved_tabs=\u00bball\u00bb global_colors_info=\u00bb{}\u00bb][et_pb_row column_structure=\u00bb2_5,3_5&#8243; _builder_version=\u00bb4.25.1&#8243; _module_preset=\u00bbdefault\u00bb custom_margin=\u00bb5px||5px||false|false\u00bb custom_padding=\u00bb5px||5px||false|false\u00bb global_colors_info=\u00bb{}\u00bb][et_pb_column type=\u00bb2_5&#8243; _builder_version=\u00bb4.21.0&#8243; _module_preset=\u00bbdefault\u00bb global_colors_info=\u00bb{}\u00bb][et_pb_icon font_icon=\u00bb&#xf002;||fa||900&#8243; icon_color=\u00bb#000000&#8243; icon_width=\u00bb18px\u00bb align=\u00bbleft\u00bb _builder_version=\u00bb4.25.1&#8243; _module_preset=\u00bbdefault\u00bb custom_margin=\u00bb||0px||false|false\u00bb custom_css_main_element=\u00bb    display: inline-block;||    float: left;||    padding-right: 10px;||    padding-top: 4px;\u00bb global_colors_info=\u00bb{}\u00bb][\/et_pb_icon][et_pb_search show_button=\u00bboff\u00bb placeholder=\u00bbbusca&#8230;\u00bb _builder_version=\u00bb4.21.0&#8243; _module_preset=\u00bbdefault\u00bb form_field_background_color=\u00bbRGBA(255,255,255,0)\u00bb background_color=\u00bb#f9f9f9&#8243; module_alignment=\u00bbleft\u00bb border_width_all=\u00bb0px\u00bb border_color_all=\u00bbrgba(0,0,0,0.17)\u00bb global_colors_info=\u00bb{}\u00bb][\/et_pb_search][\/et_pb_column][et_pb_column type=\u00bb3_5&#8243; _builder_version=\u00bb4.21.0&#8243; _module_preset=\u00bbdefault\u00bb global_colors_info=\u00bb{}\u00bb][et_pb_button button_url=\u00bbhttps:\/\/ecommerce.issisystems.com\/isite314\/eremit.dll\/31403\/loginm.asp\u00bb button_text=\u00bbPortal miembro\u00bb button_alignment=\u00bbright\u00bb _builder_version=\u00bb4.27.0&#8243; _module_preset=\u00bbdefault\u00bb custom_button=\u00bbon\u00bb button_text_size=\u00bb14px\u00bb button_bg_color=\u00bb#0caa93&#8243; button_border_radius=\u00bb20px\u00bb button_font=\u00bb|||on|||||\u00bb global_colors_info=\u00bb{}\u00bb][\/et_pb_button][\/et_pb_column][\/et_pb_row][\/et_pb_section][et_pb_section fb_built=\u00bb1&#8243; admin_label=\u00bbPage Header Section\u00bb _builder_version=\u00bb4.21.0&#8243; _module_preset=\u00bbdefault\u00bb custom_margin=\u00bb0px||0px||false|false\u00bb custom_padding=\u00bb5px||5px||false|false\u00bb saved_tabs=\u00bball\u00bb global_colors_info=\u00bb{}\u00bb][et_pb_row _builder_version=\u00bb4.21.0&#8243; _module_preset=\u00bbdefault\u00bb custom_padding=\u00bb10px||10px||false|false\u00bb global_colors_info=\u00bb{}\u00bb][et_pb_column type=\u00bb4_4&#8243; _builder_version=\u00bb4.21.0&#8243; _module_preset=\u00bbdefault\u00bb global_colors_info=\u00bb{}\u00bb][et_pb_dmb_breadcrumbs font_icon=\u00bb&#x35;||divi||400&#8243; use_home_icon=\u00bboff\u00bb _builder_version=\u00bb4.21.0&#8243; _module_preset=\u00bbdefault\u00bb body_text_color=\u00bb#565656&#8243; body_font_size=\u00bb18px\u00bb link_text_color=\u00bb#0caa93&#8243; link_font_size=\u00bb18px\u00bb global_colors_info=\u00bb{}\u00bb][\/et_pb_dmb_breadcrumbs][et_pb_post_title meta=\u00bboff\u00bb featured_image=\u00bboff\u00bb _builder_version=\u00bb4.21.0&#8243; _module_preset=\u00bbdefault\u00bb title_font=\u00bbPlayfair Display|600|||||||\u00bb title_font_size=\u00bb52px\u00bb title_line_height=\u00bb48px\u00bb global_colors_info=\u00bb{}\u00bb][\/et_pb_post_title][\/et_pb_column][\/et_pb_row][\/et_pb_section][et_pb_section fb_built=\u00bb1&#8243; _builder_version=\u00bb4.21.0&#8243; custom_margin=\u00bb||||false|false\u00bb custom_padding=\u00bb10px||2px||false|false\u00bb global_colors_info=\u00bb{}\u00bb][et_pb_row column_structure=\u00bb3_4,1_4&#8243; _builder_version=\u00bb4.16&#8243; background_size=\u00bbinitial\u00bb background_position=\u00bbtop_left\u00bb background_repeat=\u00bbrepeat\u00bb global_colors_info=\u00bb{}\u00bb][et_pb_column type=\u00bb3_4&#8243; _builder_version=\u00bb4.16&#8243; custom_padding=\u00bb|||\u00bb global_colors_info=\u00bb{}\u00bb custom_padding__hover=\u00bb|||\u00bb][et_pb_text admin_label=\u00bbWellcheck\u00bb _builder_version=\u00bb4.21.0&#8243; text_text_color=\u00bb#197599&#8243; text_font_size=\u00bb16px\u00bb link_font=\u00bb|600|||||||\u00bb link_text_color=\u00bb#197599&#8243; background_color=\u00bb#f4f4f4&#8243; background_size=\u00bbinitial\u00bb background_position=\u00bbtop_left\u00bb background_repeat=\u00bbrepeat\u00bb custom_margin=\u00bb||5px||false|false\u00bb custom_padding=\u00bb5px|10px|5px|10px|false|false\u00bb link_option_url=\u00bb#wellcheck\u00bb global_colors_info=\u00bb{}\u00bb]<\/p>\n<p><a href=\"#wellcheck\"><a href=\"#wellcheck\">WellCheck<\/a><\/a><\/p>\n<p>[\/et_pb_text][et_pb_text admin_label=\u00bbNurse Care Counseling\u00bb _builder_version=\u00bb4.21.0&#8243; text_text_color=\u00bb#197599&#8243; text_font_size=\u00bb16px\u00bb link_font=\u00bb|600|||||||\u00bb link_text_color=\u00bb#197599&#8243; background_color=\u00bb#f4f4f4&#8243; background_size=\u00bbinitial\u00bb background_position=\u00bbtop_left\u00bb background_repeat=\u00bbrepeat\u00bb custom_margin=\u00bb||5px||false|false\u00bb custom_padding=\u00bb5px|10px|5px|10px|false|false\u00bb link_option_url=\u00bb#nurse-care-counseling\u00bb global_colors_info=\u00bb{}\u00bb]<a href=\"#nurse-care-counseling\"><a href=\"#nurse-care-counseling\">Consejer\u00eda de Atenci\u00f3n de Enfermer\u00eda<\/a><\/a>[\/et_pb_text][\/et_pb_column][et_pb_column type=\u00bb1_4&#8243; _builder_version=\u00bb4.16&#8243; custom_padding=\u00bb|||\u00bb global_colors_info=\u00bb{}\u00bb custom_padding__hover=\u00bb|||\u00bb][et_pb_blurb title=\u00bbM\u00e1s informaci\u00f3n\u00bb _builder_version=\u00bb4.27.0&#8243; _module_preset=\u00bbdefault\u00bb header_text_color=\u00bb#FFFFFF\u00bb body_text_color=\u00bb#FFFFFF\u00bb background_color=\u00bb#000000&#8243; background_layout=\u00bbdark\u00bb custom_padding=\u00bb20px|30px|20px|30px|false|false\u00bb global_colors_info=\u00bb{}\u00bb]<\/p>\n<p>Obtenga los formularios de inscripci\u00f3n que necesita en <a href=\"https:\/\/jointbenefittrust.com\/es\/recursos\/\">Recursos <\/a>la p\u00e1gina de recursos.<\/p>\n<p>[\/et_pb_blurb][\/et_pb_column][\/et_pb_row][\/et_pb_section][et_pb_section fb_built=\u00bb1&#8243; admin_label=\u00bbWellCheck\u00bb module_id=\u00bbwellcheck\u00bb _builder_version=\u00bb4.21.0&#8243; _module_preset=\u00bbdefault\u00bb custom_padding=\u00bb10px||0px||false|false\u00bb global_colors_info=\u00bb{}\u00bb][et_pb_row _builder_version=\u00bb4.21.0&#8243; _module_preset=\u00bbdefault\u00bb global_colors_info=\u00bb{}\u00bb][et_pb_column type=\u00bb4_4&#8243; _builder_version=\u00bb4.21.0&#8243; _module_preset=\u00bbdefault\u00bb global_colors_info=\u00bb{}\u00bb][et_pb_text admin_label=\u00bbWellCheck\u00bb _builder_version=\u00bb4.21.0&#8243; _module_preset=\u00bbdefault\u00bb header_2_font=\u00bbOpen Sans|600|||||||\u00bb header_2_font_size=\u00bb36px\u00bb global_colors_info=\u00bb{}\u00bb]<\/p>\n<h2 id=\"WellCheck\" class=\"page-section-titles\">WellCheck<\/h2>\n<div>\n<p class=\"internal-page-paragraphs\">El programa WellCheck ofrece un examen de bienestar que le indica si tiene ciertas condiciones m\u00e9dicas cr\u00f3nicas, como enfermedades card\u00edacas, enfermedades renales y diabetes, para las que necesita tratamiento. El examen tambi\u00e9n identifica si est\u00e1 en riesgo de tener problemas de salud en el futuro. WellCheck es voluntario y se ofrece sin costo alguno para usted.   <strong>Todos los resultados son confidenciales.<\/strong><\/p>\n<p class=\"internal-page-paragraphs\">Los equipos de salud de nuestro proveedor de bienestar, Health Services Foundation (HSF) realizan ex\u00e1menes de detecci\u00f3n todos los a\u00f1os. Se desplazan en unidades m\u00f3viles de an\u00e1lisis a los lugares de trabajo, toman algunas medidas y le pinchan el dedo para obtener una muestra de sangre. Una enfermera de HSF hablar\u00e1 con usted sobre los resultados de su prueba calificada y le dar\u00e1 una copia impresa con la mayor\u00eda de los resultados; algunos demoran m\u00e1s tiempo en procesarse, por lo que se enviar\u00e1n por correo a su domicilio de 2 a 3 semanas despu\u00e9s de su evaluaci\u00f3n.  <\/p>\n<p class=\"internal-page-paragraphs\">Seg\u00fan los resultados de su prueba, se le podr\u00eda ofrecer apoyo adicional para el bienestar sin costo alguno para usted.<\/p>\n<p class=\"internal-page-paragraphs\"><a href=\"https:\/\/www.youtube.com\/watch?v=rpansfxIY8A&amp;t=6s\" target=\"_blank\" rel=\"noopener noreferrer\">Mire este video<\/a> para ver c\u00f3mo se hace.<\/p>\n<\/div>\n<p>[\/et_pb_text][et_pb_accordion toggle_icon=\u00bb&#x33;||divi||400&#8243; icon_color=\u00bb#000000&#8243; use_icon_font_size=\u00bbon\u00bb icon_font_size=\u00bb32px\u00bb admin_label=\u00bbWellCheck Accordion\u00bb _builder_version=\u00bb4.27.4&#8243; _module_preset=\u00bbdefault\u00bb toggle_font=\u00bbOpen Sans||||||||\u00bb toggle_font_size=\u00bb24px\u00bb background_color=\u00bbRGBA(255,255,255,0)\u00bb custom_padding=\u00bb|||20px|false|false\u00bb border_width_left=\u00bb6px\u00bb border_color_left=\u00bb#0caa93&#8243; global_colors_info=\u00bb{%22gcid-dd452b58-53b8-429f-8d03-02d461518241%22:%91%22border_color_left%22%93}\u00bb][et_pb_accordion_item title=\u00bbElegibilidad del Programa\u00bb open_toggle_background_color=\u00bb#FFFFFF\u00bb closed_toggle_background_color=\u00bb#f7f7f7&#8243; icon_color=\u00bb#3a3a3a\u00bb toggle_icon=\u00bb&#x33;||divi||400&#8243; open_icon_color=\u00bb#3a3a3a\u00bb _builder_version=\u00bb4.21.0&#8243; _module_preset=\u00bbdefault\u00bb background_color=\u00bbRGBA(255,255,255,0)\u00bb background_enable_color=\u00bbon\u00bb custom_margin=\u00bb1%||1%||false|false\u00bb custom_padding=\u00bb|20px||20px|false|false\u00bb global_colors_info=\u00bb{}\u00bb open=\u00bbon\u00bb]<\/p>\n<p>A continuaci\u00f3n se indica qui\u00e9nes pueden participar en WellCheck:<\/p>\n<ul>\n<li>Empleados del Plan de Beneficios de Salud de Tiempo Completo y sus c\u00f3nyuges\/parejas de hecho registradas inscritos en el plan m\u00e9dico Advantage PPO o Prudent Buyer PPO o inscritos en Kaiser HMO (todos los a\u00f1os).<\/li>\n<li>Empleados del Plan de Beneficios M\u00e9dicos de Temporada inscritos en el plan m\u00e9dico Advantage PPO o Prudent Buyer PPO (cada tres a\u00f1os).<\/li>\n<li>Empleados que pagan por su cuenta la cobertura de salud y bienestar durante todo el a\u00f1o (todos los a\u00f1os).<\/li>\n<\/ul>\n<p>[\/et_pb_accordion_item][et_pb_accordion_item title=\u00bbPruebas y Resultados\u00bb open=\u00bboff\u00bb open_toggle_background_color=\u00bb#FFFFFF\u00bb closed_toggle_background_color=\u00bb#f7f7f7&#8243; icon_color=\u00bb#3a3a3a\u00bb toggle_icon=\u00bb&#x33;||divi||400&#8243; open_icon_color=\u00bb#3a3a3a\u00bb _builder_version=\u00bb4.27.4&#8243; _module_preset=\u00bbdefault\u00bb background_color=\u00bbRGBA(255,255,255,0)\u00bb background_enable_color=\u00bbon\u00bb custom_margin=\u00bb1%||1%||false|false\u00bb custom_padding=\u00bb|20px||20px|false|false\u00bb global_colors_info=\u00bb{}\u00bb]<\/p>\n<p>El d\u00eda de la prueba, coma y beba como de costumbre y tome los medicamentos recetados. El an\u00e1lisis de sangre funcionar\u00e1 mejor si bebe 2 vasos de ocho onzas de agua antes de llegar.<\/p>\n<p>Un miembro calificado del equipo de atenci\u00f3n m\u00e9dica medir\u00e1 su altura, peso, cintura y presi\u00f3n arterial, y le pinchar\u00e1 el dedo para obtener una muestra de sangre.<\/p>\n<p>Su sangre se analiza en el acto y obtendr\u00e1 un informe de salud detallado y calificado.<\/p>\n<p>Tendr\u00e1 una reuni\u00f3n privada con una enfermera para revisar sus resultados inmediatamente despu\u00e9s de su evaluaci\u00f3n de bienestar de WellCheck. La enfermera le informar\u00e1 si hay \u00e1reas de preocupaci\u00f3n que debe comentar con su m\u00e9dico y si hay alg\u00fan programa de seguimiento que pueda ayudarlo.<\/p>\n<p>Dependiendo de los resultados de su prueba y otros factores, puede tener hasta tres pruebas m\u00e1s. Estas pruebas demoran m\u00e1s en procesarse, por lo que recibir\u00e1 los resultados por correo en un plazo de 2 a 3 semanas:<\/p>\n<ul>\n<li>Una prueba de colesterol LDL para determinar si tiene riesgo de sufrir una enfermedad card\u00edaca o un accidente cerebrovascular.<\/li>\n<li>Una prueba de creatina, si su an\u00e1lisis de sangre muestra que tiene riesgo de diabetes.<\/li>\n<li>Una prueba de PSA, si es un hombre de 50 a\u00f1os o m\u00e1s y desea este examen de pr\u00f3stata.<\/li>\n<\/ul>\n<p>[\/et_pb_accordion_item][et_pb_accordion_item title=\u00bbC\u00f3mo Puede Ayudarlo la Evaluaci\u00f3n\u00bb open_toggle_background_color=\u00bb#FFFFFF\u00bb closed_toggle_background_color=\u00bb#f7f7f7&#8243; icon_color=\u00bb#3a3a3a\u00bb toggle_icon=\u00bb&#x33;||divi||400&#8243; open_icon_color=\u00bb#3a3a3a\u00bb _builder_version=\u00bb4.21.0&#8243; _module_preset=\u00bbdefault\u00bb background_color=\u00bbRGBA(255,255,255,0)\u00bb background_enable_color=\u00bbon\u00bb custom_margin=\u00bb1%||1%||false|false\u00bb custom_padding=\u00bb|20px||20px|false|false\u00bb global_colors_info=\u00bb{}\u00bb open=\u00bboff\u00bb]<\/p>\n<p>Descubrir\u00e1:<\/p>\n<ul>\n<li>Si tiene una condici\u00f3n m\u00e9dica cr\u00f3nica que desconoce, como una enfermedad card\u00edaca o diabetes, para la que necesita tratamiento.<\/li>\n<li>Si puede tener riesgos para la salud, con suerte antes de que se conviertan en problemas m\u00e1s graves.<\/li>\n<li>Los cambios en el estilo de vida que puede hacer ahora, como dejar el tabaco, hacer m\u00e1s ejercicios, comer alimentos m\u00e1s saludables o perder peso, pueden mejorar su salud y reducir el riesgo de enfermedad.<\/li>\n<\/ul>\n<p>[\/et_pb_accordion_item][et_pb_accordion_item title=\u00bbProgramaci\u00f3n\u00bb open_toggle_background_color=\u00bb#FFFFFF\u00bb closed_toggle_background_color=\u00bb#f7f7f7&#8243; icon_color=\u00bb#3a3a3a\u00bb toggle_icon=\u00bb&#x33;||divi||400&#8243; open_icon_color=\u00bb#3a3a3a\u00bb _builder_version=\u00bb4.21.0&#8243; _module_preset=\u00bbdefault\u00bb background_color=\u00bbRGBA(255,255,255,0)\u00bb background_enable_color=\u00bbon\u00bb custom_margin=\u00bb1%||1%||false|false\u00bb custom_padding=\u00bb|20px||20px|false|false\u00bb global_colors_info=\u00bb{}\u00bb open=\u00bboff\u00bb]<\/p>\n<p>La detecci\u00f3n y los resultados demoran entre 20 y 30 minutos; las sesiones se llevan a cabo durante el horario laboral habitual.<\/p>\n<p>Un representante de WellCheck lo llamar\u00e1 para programar una evaluaci\u00f3n en su ubicaci\u00f3n. O, para programar su evaluaci\u00f3n o una evaluaci\u00f3n para su c\u00f3nyuge\/pareja de hecho registrada, llame al <strong>800-284-3926.<\/strong> <\/p>\n<p>Si pierde el examen de WellCheck en su lugar de trabajo, puede programar un examen de recuperaci\u00f3n o tener un examen similar en una estaci\u00f3n de recolecci\u00f3n de Quest. Para programar una cita, llame <strong>800-284-3926.<\/strong> <\/p>\n<p>[\/et_pb_accordion_item][\/et_pb_accordion][\/et_pb_column][\/et_pb_row][\/et_pb_section][et_pb_section fb_built=\u00bb1&#8243; admin_label=\u00bbNurse Care Counseling\u00bb module_id=\u00bbnurse-care-counseling\u00bb _builder_version=\u00bb4.21.0&#8243; _module_preset=\u00bbdefault\u00bb global_colors_info=\u00bb{}\u00bb custom_padding=\u00bb0px|||||\u00bb][et_pb_row _builder_version=\u00bb4.21.0&#8243; _module_preset=\u00bbdefault\u00bb global_colors_info=\u00bb{}\u00bb][et_pb_column type=\u00bb4_4&#8243; _builder_version=\u00bb4.21.0&#8243; _module_preset=\u00bbdefault\u00bb global_colors_info=\u00bb{}\u00bb][et_pb_text admin_label=\u00bbNurse Care Counseling\u00bb _builder_version=\u00bb4.27.0&#8243; _module_preset=\u00bbdefault\u00bb header_2_font=\u00bbOpen Sans|600|||||||\u00bb header_2_font_size=\u00bb36px\u00bb global_colors_info=\u00bb{}\u00bb]<\/p>\n<h2 id=\"NurseCare\" class=\"page-section-titles\">Consejer\u00eda de Atenci\u00f3n de Enfermer\u00eda: Beneficios de Salud de Tiempo Completo<\/h2>\n<div>\n<p class=\"internal-page-paragraphs\">El programa de Consejer\u00eda de Atenci\u00f3n de Enfermer\u00eda est\u00e1 dise\u00f1ado para mejorar la calidad de vida y reducir los costos de los medicamentos para los empleados que viven con enfermedades continuas, como enfermedades card\u00edacas, diabetes, asma, enfermedad pulmonar obstructiva cr\u00f3nica (EPOC) y c\u00e1ncer.<\/p>\n<p class=\"internal-page-paragraphs\">El programa se ofrece sin costo para los participantes del plan 1400 Hour y sus c\u00f3nyuges cubiertos\/parejas de hecho registradas, y es 100% voluntario y <strong>completamente confidencial.<\/strong><\/p>\n<p class=\"internal-page-paragraphs\">Para identificar a los empleados y dependientes cubiertos que podr\u00edan beneficiarse del programa, Health Services Foundation (HSF), proveedor independiente de salud y bienestar de JBT, revisa la informaci\u00f3n de reclamos m\u00e9dicos y farmac\u00e9uticos y los resultados de las pruebas de WellCheck. Esos empleados reciben una llamada o una carta de un Consejero de Atenci\u00f3n de Enfermer\u00eda de HSF invit\u00e1ndolos a participar en el programa. Si no ha recibido una invitaci\u00f3n, puede llamar a un Consejero de Atenci\u00f3n de Enfermer\u00eda al <strong>800-284-3926<\/strong> a fin de ver si es elegible para participar en el programa.  <\/p>\n<p class=\"internal-page-paragraphs\">Con la educaci\u00f3n y el apoyo telef\u00f3nico continuo de los consejeros de atenci\u00f3n de enfermer\u00eda, los participantes pueden comprender mejor sus condiciones y administrar su atenci\u00f3n de manera m\u00e1s efectiva.<\/p>\n<p class=\"internal-page-paragraphs\">As\u00ed es como funciona el programa.<\/p>\n<\/div>\n<p>[\/et_pb_text][et_pb_accordion toggle_icon=\u00bb&#x33;||divi||400&#8243; icon_color=\u00bb#000000&#8243; use_icon_font_size=\u00bbon\u00bb icon_font_size=\u00bb32px\u00bb admin_label=\u00bbNurse Care Counseling Accordion\u00bb _builder_version=\u00bb4.21.0&#8243; _module_preset=\u00bbdefault\u00bb toggle_font=\u00bbOpen Sans||||||||\u00bb toggle_font_size=\u00bb24px\u00bb background_color=\u00bbRGBA(255,255,255,0)\u00bb custom_padding=\u00bb|||20px|false|false\u00bb border_width_left=\u00bb6px\u00bb border_color_left=\u00bbgcid-dd452b58-53b8-429f-8d03-02d461518241&#8243; global_colors_info=\u00bb{%22gcid-dd452b58-53b8-429f-8d03-02d461518241%22:%91%22border_color_left%22,%22border_color_left%22%93}\u00bb][et_pb_accordion_item title=\u00bbCondiciones Cubiertas\u00bb open=\u00bbon\u00bb open_toggle_background_color=\u00bb#FFFFFF\u00bb closed_toggle_background_color=\u00bb#f7f7f7&#8243; icon_color=\u00bb#3a3a3a\u00bb toggle_icon=\u00bb&#x33;||divi||400&#8243; open_icon_color=\u00bb#3a3a3a\u00bb _builder_version=\u00bb4.21.0&#8243; _module_preset=\u00bbdefault\u00bb background_color=\u00bbRGBA(255,255,255,0)\u00bb background_enable_color=\u00bbon\u00bb custom_margin=\u00bb1%||1%||false|false\u00bb custom_padding=\u00bb|50px||50px|false|false\u00bb global_colors_info=\u00bb{}\u00bb]<\/p>\n<p>El programa brinda apoyo para cualquier condici\u00f3n cr\u00f3nica.<\/p>\n<p>Para estas condiciones cr\u00f3nicas espec\u00edficas, la participaci\u00f3n puede calificarlo para el incentivo de copago de medicamentos m\u00e1s bajo:<\/p>\n<ul>\n<li>Diabetes.<\/li>\n<li>Prediabetes.<\/li>\n<li>Enfermedad card\u00edaca (insuficiencia card\u00edaca o cardiovascular).<\/li>\n<li>Asma.<\/li>\n<li>Enfermedad Pulmonar Obstructiva Cr\u00f3nica (EPOC).<\/li>\n<li>C\u00e1ncer.<\/li>\n<li>Fibrilaci\u00f3n auricular.<\/li>\n<li>Hepatitis C.<\/li>\n<li>Osteoartritis.<\/li>\n<li>Trastorno inflamatorio del intestino, intestino irritable, trastornos de los \u00e1cidos estomacales.<\/li>\n<\/ul>\n<p>[\/et_pb_accordion_item][et_pb_accordion_item title=\u00bbC\u00f3mo Participar\u00bb open_toggle_background_color=\u00bb#FFFFFF\u00bb closed_toggle_background_color=\u00bb#f7f7f7&#8243; icon_color=\u00bb#3a3a3a\u00bb toggle_icon=\u00bb&#x33;||divi||400&#8243; open_icon_color=\u00bb#3a3a3a\u00bb _builder_version=\u00bb4.21.0&#8243; _module_preset=\u00bbdefault\u00bb background_color=\u00bbRGBA(255,255,255,0)\u00bb background_enable_color=\u00bbon\u00bb custom_margin=\u00bb1%||1%||false|false\u00bb custom_padding=\u00bb|50px||50px|false|false\u00bb global_colors_info=\u00bb{}\u00bb open=\u00bboff\u00bb]<\/p>\n<p>Los empleados del Plan de Beneficios de Salud de Tiempo Completo y sus c\u00f3nyuges inscritos en el plan m\u00e9dico Advantage PPO o Prudent Buyer PPO pueden ser invitados a inscribirse en el programa. A fin de saber si es elegible para participar, llame al <strong>800-284-3926.<\/strong> <\/p>\n<p>[\/et_pb_accordion_item][et_pb_accordion_item title=\u00bbIncentivos de Participaci\u00f3n\u00bb open_toggle_background_color=\u00bb#FFFFFF\u00bb closed_toggle_background_color=\u00bb#f7f7f7&#8243; icon_color=\u00bb#3a3a3a\u00bb toggle_icon=\u00bb&#x33;||divi||400&#8243; open_icon_color=\u00bb#3a3a3a\u00bb _builder_version=\u00bb4.21.0&#8243; _module_preset=\u00bbdefault\u00bb background_color=\u00bbRGBA(255,255,255,0)\u00bb background_enable_color=\u00bbon\u00bb custom_margin=\u00bb1%||1%||false|false\u00bb custom_padding=\u00bb|50px||50px|false|false\u00bb global_colors_info=\u00bb{}\u00bb open=\u00bboff\u00bb]<\/p>\n<p>Pague $10 menos en copagos por medicamentos recetados cuando:<\/p>\n<ul>\n<li>Hable con un consejero de atenci\u00f3n de enfermer\u00eda cuatro veces al a\u00f1o.<\/li>\n<li>Realice el examen anual de bienestar de WellCheck en su lugar de trabajo.<\/li>\n<\/ul>\n<p>[\/et_pb_accordion_item][\/et_pb_accordion][\/et_pb_column][\/et_pb_row][\/et_pb_section]<\/p>\n","protected":false},"excerpt":{"rendered":"<p>WellCheckConsejer\u00eda de Atenci\u00f3n de Enfermer\u00edaObtenga los formularios de inscripci\u00f3n que necesita en Recursos la p\u00e1gina de recursos.WellCheck El programa WellCheck ofrece un examen de bienestar que le indica si tiene ciertas condiciones m\u00e9dicas cr\u00f3nicas, como enfermedades card\u00edacas, enfermedades renales y diabetes, para las que necesita tratamiento. El examen tambi\u00e9n identifica si est\u00e1 en riesgo de [&hellip;]<\/p>\n","protected":false},"author":9,"featured_media":0,"parent":0,"menu_order":0,"comment_status":"closed","ping_status":"closed","template":"","meta":{"_et_pb_use_builder":"on","_et_pb_old_content":"","_et_gb_content_width":"","footnotes":""},"class_list":["post-1981","page","type-page","status-publish","hentry"],"_links":{"self":[{"href":"https:\/\/jointbenefittrust.com\/es\/wp-json\/wp\/v2\/pages\/1981","targetHints":{"allow":["GET"]}}],"collection":[{"href":"https:\/\/jointbenefittrust.com\/es\/wp-json\/wp\/v2\/pages"}],"about":[{"href":"https:\/\/jointbenefittrust.com\/es\/wp-json\/wp\/v2\/types\/page"}],"author":[{"embeddable":true,"href":"https:\/\/jointbenefittrust.com\/es\/wp-json\/wp\/v2\/users\/9"}],"replies":[{"embeddable":true,"href":"https:\/\/jointbenefittrust.com\/es\/wp-json\/wp\/v2\/comments?post=1981"}],"version-history":[{"count":5,"href":"https:\/\/jointbenefittrust.com\/es\/wp-json\/wp\/v2\/pages\/1981\/revisions"}],"predecessor-version":[{"id":2183,"href":"https:\/\/jointbenefittrust.com\/es\/wp-json\/wp\/v2\/pages\/1981\/revisions\/2183"}],"wp:attachment":[{"href":"https:\/\/jointbenefittrust.com\/es\/wp-json\/wp\/v2\/media?parent=1981"}],"curies":[{"name":"wp","href":"https:\/\/api.w.org\/{rel}","templated":true}]}}