{"id":1990,"date":"2020-05-10T19:53:38","date_gmt":"2020-05-10T19:53:38","guid":{"rendered":"https:\/\/jbt.issi-site.com\/beneficios-de-temporada\/"},"modified":"2025-11-26T21:39:22","modified_gmt":"2025-11-26T21:39:22","slug":"beneficios-de-temporada","status":"publish","type":"page","link":"https:\/\/jointbenefittrust.com\/es\/beneficios-de-temporada\/","title":{"rendered":"Beneficios de Temporada"},"content":{"rendered":"<p>[et_pb_section fb_built=\u00bb1&#8243; admin_label=\u00bbSearch and Login Button Section\u00bb _builder_version=\u00bb4.25.1&#8243; _module_preset=\u00bbdefault\u00bb custom_margin=\u00bb0px||0px||false|false\u00bb custom_padding=\u00bb0px||0px||false|false\u00bb saved_tabs=\u00bball\u00bb global_colors_info=\u00bb{}\u00bb][et_pb_row column_structure=\u00bb2_5,3_5&#8243; _builder_version=\u00bb4.25.1&#8243; _module_preset=\u00bbdefault\u00bb custom_margin=\u00bb5px||5px||false|false\u00bb custom_padding=\u00bb5px||5px||false|false\u00bb global_colors_info=\u00bb{}\u00bb][et_pb_column type=\u00bb2_5&#8243; _builder_version=\u00bb4.21.0&#8243; _module_preset=\u00bbdefault\u00bb global_colors_info=\u00bb{}\u00bb][et_pb_icon font_icon=\u00bb&#xf002;||fa||900&#8243; icon_color=\u00bb#000000&#8243; icon_width=\u00bb18px\u00bb align=\u00bbleft\u00bb _builder_version=\u00bb4.25.1&#8243; _module_preset=\u00bbdefault\u00bb custom_margin=\u00bb||0px||false|false\u00bb custom_css_main_element=\u00bb    display: inline-block;||    float: left;||    padding-right: 10px;||    padding-top: 4px;\u00bb global_colors_info=\u00bb{}\u00bb][\/et_pb_icon][et_pb_search show_button=\u00bboff\u00bb placeholder=\u00bbbusca&#8230;\u00bb _builder_version=\u00bb4.21.0&#8243; _module_preset=\u00bbdefault\u00bb form_field_background_color=\u00bbRGBA(255,255,255,0)\u00bb background_color=\u00bb#f9f9f9&#8243; module_alignment=\u00bbleft\u00bb border_width_all=\u00bb0px\u00bb border_color_all=\u00bbrgba(0,0,0,0.17)\u00bb global_colors_info=\u00bb{}\u00bb][\/et_pb_search][\/et_pb_column][et_pb_column type=\u00bb3_5&#8243; _builder_version=\u00bb4.21.0&#8243; _module_preset=\u00bbdefault\u00bb global_colors_info=\u00bb{}\u00bb][et_pb_button button_url=\u00bbhttps:\/\/ecommerce.issisystems.com\/isite314\/eremit.dll\/31403\/loginm.asp\u00bb button_text=\u00bbPortal miembro\u00bb button_alignment=\u00bbright\u00bb _builder_version=\u00bb4.27.0&#8243; _module_preset=\u00bbdefault\u00bb custom_button=\u00bbon\u00bb button_text_size=\u00bb14px\u00bb button_bg_color=\u00bb#0caa93&#8243; button_border_radius=\u00bb20px\u00bb button_font=\u00bb|||on|||||\u00bb global_colors_info=\u00bb{}\u00bb][\/et_pb_button][\/et_pb_column][\/et_pb_row][\/et_pb_section][et_pb_section fb_built=\u00bb1&#8243; admin_label=\u00bbPage Header Section\u00bb _builder_version=\u00bb4.21.0&#8243; _module_preset=\u00bbdefault\u00bb custom_margin=\u00bb0px||0px||false|false\u00bb custom_padding=\u00bb5px||5px||false|false\u00bb saved_tabs=\u00bball\u00bb global_colors_info=\u00bb{}\u00bb][et_pb_row _builder_version=\u00bb4.21.0&#8243; _module_preset=\u00bbdefault\u00bb custom_padding=\u00bb10px||10px||false|false\u00bb global_colors_info=\u00bb{}\u00bb][et_pb_column type=\u00bb4_4&#8243; _builder_version=\u00bb4.21.0&#8243; _module_preset=\u00bbdefault\u00bb global_colors_info=\u00bb{}\u00bb][et_pb_dmb_breadcrumbs font_icon=\u00bb&#x35;||divi||400&#8243; use_home_icon=\u00bboff\u00bb _builder_version=\u00bb4.21.0&#8243; _module_preset=\u00bbdefault\u00bb body_text_color=\u00bb#565656&#8243; body_font_size=\u00bb18px\u00bb link_text_color=\u00bb#0caa93&#8243; link_font_size=\u00bb18px\u00bb global_colors_info=\u00bb{}\u00bb][\/et_pb_dmb_breadcrumbs][et_pb_post_title meta=\u00bboff\u00bb featured_image=\u00bboff\u00bb _builder_version=\u00bb4.21.0&#8243; _module_preset=\u00bbdefault\u00bb title_font=\u00bbPlayfair Display|600|||||||\u00bb title_font_size=\u00bb52px\u00bb title_line_height=\u00bb48px\u00bb global_colors_info=\u00bb{}\u00bb][\/et_pb_post_title][\/et_pb_column][\/et_pb_row][\/et_pb_section][et_pb_section fb_built=\u00bb1&#8243; _builder_version=\u00bb4.21.0&#8243; custom_margin=\u00bb||||false|false\u00bb custom_padding=\u00bb10px||0px||false|false\u00bb global_colors_info=\u00bb{}\u00bb][et_pb_row column_structure=\u00bb3_4,1_4&#8243; _builder_version=\u00bb4.16&#8243; background_size=\u00bbinitial\u00bb background_position=\u00bbtop_left\u00bb background_repeat=\u00bbrepeat\u00bb global_colors_info=\u00bb{}\u00bb][et_pb_column type=\u00bb3_4&#8243; _builder_version=\u00bb4.16&#8243; custom_padding=\u00bb|||\u00bb global_colors_info=\u00bb{}\u00bb custom_padding__hover=\u00bb|||\u00bb][et_pb_text admin_label=\u00bbDental\u00bb _builder_version=\u00bb4.21.0&#8243; text_text_color=\u00bb#197599&#8243; text_font_size=\u00bb16px\u00bb link_font=\u00bb|600|||||||\u00bb link_text_color=\u00bb#197599&#8243; background_color=\u00bb#f4f4f4&#8243; background_size=\u00bbinitial\u00bb background_position=\u00bbtop_left\u00bb background_repeat=\u00bbrepeat\u00bb custom_margin=\u00bb||5px||false|false\u00bb custom_padding=\u00bb5px|10px|5px|10px|false|false\u00bb link_option_url=\u00bb#dental\u00bb global_colors_info=\u00bb{}\u00bb]<a href=\"#dental\">Dental<\/a>[\/et_pb_text][et_pb_text admin_label=\u00bbVision\u00bb _builder_version=\u00bb4.21.0&#8243; text_text_color=\u00bb#197599&#8243; text_font_size=\u00bb16px\u00bb link_font=\u00bb|600|||||||\u00bb link_text_color=\u00bb#197599&#8243; background_color=\u00bb#f4f4f4&#8243; background_size=\u00bbinitial\u00bb background_position=\u00bbtop_left\u00bb background_repeat=\u00bbrepeat\u00bb custom_margin=\u00bb||5px||false|false\u00bb custom_padding=\u00bb5px|10px|5px|10px|false|false\u00bb link_option_url=\u00bb#vision\u00bb global_colors_info=\u00bb{}\u00bb]<a href=\"#vision\">Vista<\/a>[\/et_pb_text][\/et_pb_column][et_pb_column type=\u00bb1_4&#8243; _builder_version=\u00bb4.16&#8243; custom_padding=\u00bb|||\u00bb global_colors_info=\u00bb{}\u00bb custom_padding__hover=\u00bb|||\u00bb][et_pb_blurb title=\u00bbM\u00e1s informaci\u00f3n\u00bb _builder_version=\u00bb4.27.0&#8243; _module_preset=\u00bbdefault\u00bb header_text_color=\u00bb#FFFFFF\u00bb body_text_color=\u00bb#FFFFFF\u00bb background_color=\u00bb#000000&#8243; background_layout=\u00bbdark\u00bb custom_padding=\u00bb20px|30px|20px|30px|false|false\u00bb global_colors_info=\u00bb{}\u00bb]<\/p>\n<p>Obtenga los formularios de inscripci\u00f3n que necesita en <a href=\"https:\/\/jointbenefittrust.com\/es\/recursos\/\">Recursos <\/a>la p\u00e1gina de recursos.<\/p>\n<p>[\/et_pb_blurb][\/et_pb_column][\/et_pb_row][\/et_pb_section][et_pb_section fb_built=\u00bb1&#8243; admin_label=\u00bbDental\u00bb module_id=\u00bbdental\u00bb _builder_version=\u00bb4.21.0&#8243; _module_preset=\u00bbdefault\u00bb custom_padding=\u00bb10px||0px||false|false\u00bb global_colors_info=\u00bb{}\u00bb][et_pb_row _builder_version=\u00bb4.21.0&#8243; _module_preset=\u00bbdefault\u00bb global_colors_info=\u00bb{}\u00bb][et_pb_column type=\u00bb4_4&#8243; _builder_version=\u00bb4.21.0&#8243; _module_preset=\u00bbdefault\u00bb global_colors_info=\u00bb{}\u00bb][et_pb_text admin_label=\u00bbDental\u00bb _builder_version=\u00bb4.21.0&#8243; _module_preset=\u00bbdefault\u00bb header_2_font=\u00bbOpen Sans|600|||||||\u00bb header_2_font_size=\u00bb36px\u00bb global_colors_info=\u00bb{}\u00bb]<\/p>\n<h2>Dental<\/h2>\n<p class=\"internal-page-paragraphs\">Sus beneficios de JBT incluyen una cobertura dental integral para usted y sus hijos elegibles.<\/p>\n<p class=\"internal-page-paragraphs\">El plan paga una cantidad fija por cada procedimiento dental cubierto. A esto se le llama asignaci\u00f3n programada. <\/p>\n<p class=\"internal-page-paragraphs\">Debe cumplir con un deducible anual antes de que el plan pague los beneficios, y hay un beneficio m\u00e1ximo anual.<\/p>\n<p>[\/et_pb_text][et_pb_accordion toggle_icon=\u00bb&#x33;||divi||400&#8243; icon_color=\u00bb#000000&#8243; use_icon_font_size=\u00bbon\u00bb icon_font_size=\u00bb32px\u00bb admin_label=\u00bbAccordion\u00bb _builder_version=\u00bb4.27.0&#8243; _module_preset=\u00bbdefault\u00bb toggle_font=\u00bbOpen Sans||||||||\u00bb toggle_font_size=\u00bb24px\u00bb background_color=\u00bbRGBA(255,255,255,0)\u00bb custom_padding=\u00bb|||20px|false|false\u00bb border_width_left=\u00bb6px\u00bb border_color_left=\u00bbgcid-dd452b58-53b8-429f-8d03-02d461518241&#8243; global_colors_info=\u00bb{%22gcid-dd452b58-53b8-429f-8d03-02d461518241%22:%91%22border_color_left%22%93}\u00bb][et_pb_accordion_item title=\u00bbAs\u00ed es Como Funciona el Plan:\u00bb open=\u00bbon\u00bb open_toggle_background_color=\u00bb#FFFFFF\u00bb closed_toggle_background_color=\u00bb#f7f7f7&#8243; icon_color=\u00bb#3a3a3a\u00bb toggle_icon=\u00bb&#x33;||divi||400&#8243; open_icon_color=\u00bb#3a3a3a\u00bb _builder_version=\u00bb4.27.0&#8243; _module_preset=\u00bbdefault\u00bb background_color=\u00bbRGBA(255,255,255,0)\u00bb background_enable_color=\u00bbon\u00bb custom_margin=\u00bb1%||1%||false|false\u00bb custom_padding=\u00bb|20px||20px|false|false\u00bb global_colors_info=\u00bb{}\u00bb]<\/p>\n<table class=\"jbt-table\">\n<tbody>\n<tr>\n<th style=\"width: 30%;\"><\/th>\n<th style=\"width: 70%;\"><\/th>\n<\/tr>\n<tr>\n<td style=\"width: 30%;\"><strong>Proveedores dentales<\/strong><\/td>\n<td style=\"width: 70%;\">JBT tiene un contrato con los proveedores de la red dental de Arrin, quienes aceptan la asignaci\u00f3n programada de JBT para procedimientos como pago total.<br \/>Si utiliza un dentista fuera de la red, usted es responsable de pagar la diferencia entre la asignaci\u00f3n programada para un procedimiento y el costo facturado por el dentista.<br \/>Su dentista puede usar este formulario de reclamo dental o cualquier otro <a href=\"https:\/\/jointbenefittrust.com\/wp-content\/uploads\/2020\/11\/JBT-Dental-Treatment-Plan-and-Claim-Form.pdf\" target=\"_blank\" rel=\"noopener\">formulario de reclamo dental<\/a> para presentar un reclamo o enviar una solicitud de autorizaci\u00f3n previa.  <\/td>\n<\/tr>\n<tr>\n<td style=\"width: 30%;\"><strong>Costos compartidos entre usted y el plan<\/strong><\/td>\n<td style=\"width: 70%;\"><strong>Deducible anual<\/strong> (lo que paga antes de que el plan empiece a compartir los costos): $50 individual\/$100 familiar. <strong>Beneficio m\u00e1ximo por a\u00f1o calendario:<\/strong> $1,600 por persona.<strong> Proveedor de la red:<\/strong> Una vez que alcanza su deducible anual, el plan paga la asignaci\u00f3n programada para su procedimiento, hasta el m\u00e1ximo anual. Usted es responsable de los montos superiores al m\u00e1ximo anual. <strong>Proveedor fuera de la red:<\/strong> Usted es responsable de pagar cualquier monto que supere la asignaci\u00f3n programada para un procedimiento. Tambi\u00e9n es responsable de los montos superiores al m\u00e1ximo anual.  <\/td>\n<\/tr>\n<tr>\n<td style=\"width: 30%;\">Programa de asignaci\u00f3n para servicios de uso frecuente<\/td>\n<td style=\"width: 70%;\"><strong>Chequeos dentales (dos por a\u00f1o calendario):<\/strong> $60. <strong>Radiograf\u00eda:<\/strong> $108 por juego completo. <strong>Relleno (solo superficie):<\/strong> $81 (amalgama); $92 (resina). <strong>Restauraci\u00f3n de incrustaciones (una superficie):<\/strong> $324 (met\u00e1lico); $265 (porcelana\/cer\u00e1mica). <strong>Incrustaci\u00f3n de repuesto:<\/strong> $59. <strong>Corona:<\/strong> $281 (resina). <strong>Corona de repuesto:<\/strong> $59.<strong> Conducto radicular: <\/strong>$373 (frontal); $448 (bic\u00faspide); $562 (molar). Revise la <a href=\"https:\/\/jointbenefittrust.com\/app\/uploads\/2020\/11\/JBT-Dental-Table-of-Allowances.pdf\" rel=\"attachment wp-att-651\">tabla completa de asignaciones programadas<\/a> para los procedimientos dentales cubiertos. <\/td>\n<\/tr>\n<tr>\n<td style=\"width: 30%;\"><\/td>\n<td style=\"width: 70%;\"><\/td>\n<\/tr>\n<\/tbody>\n<\/table>\n<div class=\"jbt-box\"> \u00bfSu tratamiento dental costar\u00e1 m\u00e1s de $ 500? P\u00eddale a su dentista que solicite una autorizaci\u00f3n previa en un formulario de reclamo dental antes de recibir atenci\u00f3n.  <\/div>\n<p>[\/et_pb_accordion_item][\/et_pb_accordion][\/et_pb_column][\/et_pb_row][et_pb_row module_class=\u00bbjbt-box\u00bb _builder_version=\u00bb4.27.4&#8243; _module_preset=\u00bbdefault\u00bb custom_padding=\u00bb|||10px|false|false\u00bb global_colors_info=\u00bb{}\u00bb][et_pb_column type=\u00bb4_4&#8243; _builder_version=\u00bb4.27.4&#8243; _module_preset=\u00bbdefault\u00bb global_colors_info=\u00bb{}\u00bb][et_pb_text _builder_version=\u00bb4.25.1&#8243; _module_preset=\u00bbdefault\u00bb global_colors_info=\u00bb{}\u00bb]<\/p>\n<h3>\u00bfNecesita un dentista de la red?<\/h3>\n<p>[\/et_pb_text][et_pb_button button_url=\u00bb\/app\/uploads\/2025\/11\/DB03-JBT-Dental-Provider-Directory-09.2025.pdf\u00bb button_text=\u00bbEncuentre uno aqu\u00ed\u00bb _builder_version=\u00bb4.27.4&#8243; _module_preset=\u00bbdefault\u00bb hover_enabled=\u00bb0&#8243; global_colors_info=\u00bb{}\u00bb sticky_enabled=\u00bb0&#8243;][\/et_pb_button][\/et_pb_column][\/et_pb_row][\/et_pb_section][et_pb_section fb_built=\u00bb1&#8243; admin_label=\u00bbVision\u00bb module_id=\u00bbvision\u00bb _builder_version=\u00bb4.27.4&#8243; _module_preset=\u00bbdefault\u00bb custom_padding=\u00bb0px|||||\u00bb global_colors_info=\u00bb{}\u00bb][et_pb_row _builder_version=\u00bb4.21.0&#8243; _module_preset=\u00bbdefault\u00bb global_colors_info=\u00bb{}\u00bb][et_pb_column type=\u00bb4_4&#8243; _builder_version=\u00bb4.21.0&#8243; _module_preset=\u00bbdefault\u00bb global_colors_info=\u00bb{}\u00bb][et_pb_text admin_label=\u00bbVision\u00bb _builder_version=\u00bb4.25.1&#8243; _module_preset=\u00bbdefault\u00bb header_2_font=\u00bbOpen Sans|600|||||||\u00bb header_2_font_size=\u00bb36px\u00bb global_colors_info=\u00bb{}\u00bb]<\/p>\n<h2 class=\"page-section-titles-accordion\" id=\"Vision\">Vista<\/h2>\n<p>[\/et_pb_text][et_pb_text admin_label=\u00bbVision\u00bb _builder_version=\u00bb4.25.1&#8243; _module_preset=\u00bbdefault\u00bb header_2_font=\u00bbOpen Sans|600|||||||\u00bb header_2_font_size=\u00bb36px\u00bb global_colors_info=\u00bb{}\u00bb]<\/p>\n<p class=\"internal-page-paragraphs\">El beneficio de la vista de JBT le brinda cobertura para ex\u00e1menes oculares est\u00e1ndares y anteojos o lentes de contacto. Sus hijos no est\u00e1n cubiertos. <\/p>\n<p class=\"internal-page-paragraphs\">Pagar\u00e1 tarifas con descuento por los servicios de la vista cubiertos cuando consulte a un proveedor de la red Advantage del Plan de Servicios de la Vista (VSP). Si bien puede ir a cualquier oculista que elija, pagar\u00e1 menos cuando consulte a un oculista o un \u00f3ptico dentro de la red (una persona que fabrica y comercializa anteojos y lentes de contacto). <\/p>\n<p>[\/et_pb_text][et_pb_accordion toggle_icon=\u00bb&#x33;||divi||400&#8243; icon_color=\u00bb#000000&#8243; use_icon_font_size=\u00bbon\u00bb icon_font_size=\u00bb32px\u00bb admin_label=\u00bbMedical Plans Accordion\u00bb _builder_version=\u00bb4.27.0&#8243; _module_preset=\u00bbdefault\u00bb toggle_font=\u00bbOpen Sans||||||||\u00bb toggle_font_size=\u00bb24px\u00bb background_color=\u00bbRGBA(255,255,255,0)\u00bb custom_padding=\u00bb|||20px|false|false\u00bb border_width_left=\u00bb6px\u00bb border_color_left=\u00bbgcid-dd452b58-53b8-429f-8d03-02d461518241&#8243; global_colors_info=\u00bb{%22gcid-dd452b58-53b8-429f-8d03-02d461518241%22:%91%22border_color_left%22,%22border_color_left%22%93}\u00bb][et_pb_accordion_item title=\u00bbAs\u00ed es Como Funciona el Plan:\u00bb open=\u00bbon\u00bb open_toggle_background_color=\u00bb#FFFFFF\u00bb closed_toggle_background_color=\u00bb#f7f7f7&#8243; icon_color=\u00bb#3a3a3a\u00bb toggle_icon=\u00bb&#x33;||divi||400&#8243; open_icon_color=\u00bb#3a3a3a\u00bb _builder_version=\u00bb4.27.0&#8243; _module_preset=\u00bbdefault\u00bb background_color=\u00bbRGBA(255,255,255,0)\u00bb background_enable_color=\u00bbon\u00bb custom_margin=\u00bb1%||1%||false|false\u00bb custom_padding=\u00bb|50px||50px|false|false\u00bb global_colors_info=\u00bb{}\u00bb]<\/p>\n<table class=\"jbt-table\">\n<tbody>\n<tr>\n<th style=\"width: 30%;\"><\/th>\n<th style=\"width: 70%;\"><\/th>\n<\/tr>\n<tr>\n<td style=\"width: 30%;\"><strong>Proveedores de la vista<\/strong><\/td>\n<td style=\"width: 70%;\"><span>Proveedores de VSP:<\/span><span> Puede ahorrar dinero cuando usa un proveedor de la red Advantage del Plan de Servicios de la Vista (VSP). Despu\u00e9s de pagar un copago de $10, el plan paga el 100% del examen y una asignaci\u00f3n para marcos y lentes. El plan tambi\u00e9n ofrece descuentos y ahorros en otros servicios no cubiertos por el plan de la vista.  <\/span><\/p>\n<p><span>Proveedor fuera de la red:<\/span><span> Si utiliza un oculista o un \u00f3ptico fuera de la red, usted es responsable de pagar la diferencia entre las tarifas facturadas por el proveedor y una asignaci\u00f3n fuera de la red establecida por el VSP. Llame al VSP al  <\/span><span>800-877-7195,<\/span> <span>o ingrese al sitio<\/span> <a href=\"http:\/\/vsp.com\/\" target=\"_blank\" rel=\"noopener\">web de VSP<\/a> <span>para obtener m\u00e1s detalles.<\/span><\/td>\n<\/tr>\n<tr>\n<td style=\"width: 30%;\"><strong><span>Lo que paga por los servicios de uso frecuente<\/span><\/strong><\/td>\n<td style=\"width: 70%;\"><span>Examen de la vista de WellVision (1 cada 12 meses):<\/span><span> Copago de $10.<\/span><br \/><span>Monturas de anteojos <\/span><span>(1 cada 24 meses): $0 despu\u00e9s del copago del examen, hasta $180 de asignaci\u00f3n y 20% de descuento en la cantidad sobre la asignaci\u00f3n.<\/span><br \/><span>Lentes para anteojos<\/span> <span>(1 par cada 12 meses):<\/span><\/p>\n<ul>\n<li>$0 de copago despu\u00e9s del examen para lentes monofocales, bifocales con l\u00edneas y trifocales con l\u00edneas.<\/li>\n<li>$55 de copago despu\u00e9s del examen para lentes progresivos est\u00e1ndares.<\/li>\n<li>$95\u2013$105 de copago despu\u00e9s del examen para la prima progresiva.<\/li>\n<\/ul>\n<p><span>Lentes de contacto<\/span> <span>(1 par cada 12 meses en lugar de anteojos):<\/span><\/p>\n<ul>\n<li>El plan proporciona una asignaci\u00f3n de $ 120 para lentes de contacto (incluido el examen de lentes de contacto); usted paga el saldo adeudado.<\/li>\n<\/ul>\n<\/td>\n<\/tr>\n<\/tbody>\n<\/table>\n<p name=\"MedEmergency2\" id=\"MedEmergency2\">[\/et_pb_accordion_item][\/et_pb_accordion][\/et_pb_column][\/et_pb_row][et_pb_row module_class=\u00bbjbt-box\u00bb _builder_version=\u00bb4.27.4&#8243; _module_preset=\u00bbdefault\u00bb custom_padding=\u00bb|||10px|false|false\u00bb global_colors_info=\u00bb{}\u00bb][et_pb_column type=\u00bb4_4&#8243; _builder_version=\u00bb4.27.4&#8243; _module_preset=\u00bbdefault\u00bb global_colors_info=\u00bb{}\u00bb][et_pb_text _builder_version=\u00bb4.25.1&#8243; _module_preset=\u00bbdefault\u00bb global_colors_info=\u00bb{}\u00bb]<\/p>\n<h3>\u00bfBusca un proveedor del VSP?<\/h3>\n<p>[\/et_pb_text][et_pb_button button_url=\u00bbhttps:\/\/www.vsp.com\/eye-doctor\u00bb url_new_window=\u00bbon\u00bb button_text=\u00bbEncuentre uno aqu\u00ed\u00bb _builder_version=\u00bb4.25.1&#8243; _module_preset=\u00bbdefault\u00bb global_colors_info=\u00bb{}\u00bb][\/et_pb_button][\/et_pb_column][\/et_pb_row][\/et_pb_section]<\/p>\n","protected":false},"excerpt":{"rendered":"<p>DentalVistaObtenga los formularios de inscripci\u00f3n que necesita en Recursos la p\u00e1gina de recursos.Dental Sus beneficios de JBT incluyen una cobertura dental integral para usted y sus hijos elegibles. El plan paga una cantidad fija por cada procedimiento dental cubierto. A esto se le llama asignaci\u00f3n programada. Debe cumplir con un deducible anual antes de que [&hellip;]<\/p>\n","protected":false},"author":9,"featured_media":0,"parent":0,"menu_order":0,"comment_status":"closed","ping_status":"closed","template":"","meta":{"_et_pb_use_builder":"on","_et_pb_old_content":"","_et_gb_content_width":"","footnotes":""},"class_list":["post-1990","page","type-page","status-publish","hentry"],"_links":{"self":[{"href":"https:\/\/jointbenefittrust.com\/es\/wp-json\/wp\/v2\/pages\/1990","targetHints":{"allow":["GET"]}}],"collection":[{"href":"https:\/\/jointbenefittrust.com\/es\/wp-json\/wp\/v2\/pages"}],"about":[{"href":"https:\/\/jointbenefittrust.com\/es\/wp-json\/wp\/v2\/types\/page"}],"author":[{"embeddable":true,"href":"https:\/\/jointbenefittrust.com\/es\/wp-json\/wp\/v2\/users\/9"}],"replies":[{"embeddable":true,"href":"https:\/\/jointbenefittrust.com\/es\/wp-json\/wp\/v2\/comments?post=1990"}],"version-history":[{"count":7,"href":"https:\/\/jointbenefittrust.com\/es\/wp-json\/wp\/v2\/pages\/1990\/revisions"}],"predecessor-version":[{"id":2610,"href":"https:\/\/jointbenefittrust.com\/es\/wp-json\/wp\/v2\/pages\/1990\/revisions\/2610"}],"wp:attachment":[{"href":"https:\/\/jointbenefittrust.com\/es\/wp-json\/wp\/v2\/media?parent=1990"}],"curies":[{"name":"wp","href":"https:\/\/api.w.org\/{rel}","templated":true}]}}